{"id":412,"date":"2023-05-10T21:12:47","date_gmt":"2023-05-10T21:12:47","guid":{"rendered":"https:\/\/fev.org.ar\/02\/?page_id=412"},"modified":"2024-07-29T03:12:51","modified_gmt":"2024-07-29T03:12:51","slug":"voluntariado","status":"publish","type":"page","link":"https:\/\/fev.org.ar\/02\/voluntariado\/","title":{"rendered":"\u3164Voluntariado"},"content":{"rendered":"\t\t<div data-elementor-type=\"wp-page\" data-elementor-id=\"412\" class=\"elementor elementor-412\" data-elementor-post-type=\"page\">\n\t\t\t\t\t\t<section class=\"elementor-section elementor-top-section elementor-element elementor-element-1524717 elementor-section-boxed elementor-section-height-default elementor-section-height-default\" data-id=\"1524717\" data-element_type=\"section\" data-e-type=\"section\">\n\t\t\t\t\t\t<div class=\"elementor-container elementor-column-gap-default\">\n\t\t\t\t\t<div class=\"elementor-column elementor-col-100 elementor-top-column elementor-element elementor-element-7e9bbea\" data-id=\"7e9bbea\" data-element_type=\"column\" data-e-type=\"column\">\n\t\t\t<div class=\"elementor-widget-wrap elementor-element-populated\">\n\t\t\t\t\t\t<div class=\"elementor-element elementor-element-435cfdb elementor-widget elementor-widget-spacer\" data-id=\"435cfdb\" data-element_type=\"widget\" data-e-type=\"widget\" data-widget_type=\"spacer.default\">\n\t\t\t\t<div class=\"elementor-widget-container\">\n\t\t\t\t\t\t\t<div class=\"elementor-spacer\">\n\t\t\t<div class=\"elementor-spacer-inner\"><\/div>\n\t\t<\/div>\n\t\t\t\t\t\t<\/div>\n\t\t\t\t<\/div>\n\t\t\t\t<div class=\"elementor-element elementor-element-914b16e elementor-widget elementor-widget-heading\" data-id=\"914b16e\" data-element_type=\"widget\" data-e-type=\"widget\" data-widget_type=\"heading.default\">\n\t\t\t\t<div class=\"elementor-widget-container\">\n\t\t\t\t\t<span class=\"elementor-heading-title elementor-size-default\">Voluntariado<\/span>\t\t\t\t<\/div>\n\t\t\t\t<\/div>\n\t\t\t\t<div class=\"elementor-element elementor-element-a443657 elementor-widget__width-initial elementor-widget elementor-widget-text-editor\" data-id=\"a443657\" data-element_type=\"widget\" data-e-type=\"widget\" data-widget_type=\"text-editor.default\">\n\t\t\t\t<div class=\"elementor-widget-container\">\n\t\t\t\t\t\t\t\t\t<p style=\"font-weight: 400; text-align: left;\"><strong>D\u00eda del voluntariado<\/strong>:\u00a0el 17 de diciembre de 1985, la Asamblea General de las Naciones Unidas invit\u00f3 a los gobiernos a celebrar cada\u00a05 de diciembre el D\u00eda Internacional de los Voluntarios, y los exhort\u00f3 a adoptar medidas para promover y estimular una mayor conciencia global de la importancia de la contribuci\u00f3n de los voluntarios, estimulando as\u00ed a m\u00e1s personas en todas las condiciones sociales a ofrecer sus servicios, tanto dentro de su propio pa\u00eds como en el extranjero.<\/p><p style=\"font-weight: 400; text-align: left;\">El\u00a0voluntariado\u00a0social ambiental, representa una actividad socioeducativa sin fines de lucro, que expresa valores del respeto por el ser humano y el cuidado de su h\u00e1bitat.<\/p><p style=\"font-weight: 400; text-align: left;\">El voluntariado es sobre todo el reflejo de una conciencia social, convertida en acci\u00f3n para dar una respuesta organizada a las necesidades sociales, desde el compromiso, la cooperaci\u00f3n por el bien com\u00fan.\u00a0Ayuda a construir la propia experiencia y resiliencia\u00a0en las\u00a0comunidades m\u00e1s vulnerables.<\/p><p style=\"font-weight: 400; text-align: left;\">La FEV desde 1991 ha exhortado a la actitud positiva y de buena voluntad de los voluntarios hacia el objetivo ambiental y social . Este largo camino institucional ha sido posible por la contribuci\u00f3n de los voluntarios nacionales y extranjeros.<\/p><p style=\"font-weight: 400; text-align: left;\">Nuestro programa de Voluntariado desde el 2020 est\u00e1 dirigido a la comunicaci\u00f3n social ambiental.\u00a0<span style=\"background-color: transparent; font-size: 12pt; white-space-collapse: preserve; color: var( --e-global-color-text ); font-family: var( --e-global-typography-text-font-family ), Sans-serif; font-weight: var( --e-global-typography-text-font-weight );\">Si te interesa nuestro programa escribinos a e<i><u>ducacion@fev.org.ar<\/u><\/i><\/span><\/p>\t\t\t\t\t\t\t\t<\/div>\n\t\t\t\t<\/div>\n\t\t\t\t\t<\/div>\n\t\t<\/div>\n\t\t\t\t\t<\/div>\n\t\t<\/section>\n\t\t\t\t<section class=\"elementor-section elementor-top-section elementor-element elementor-element-d4313f1 elementor-section-boxed elementor-section-height-default elementor-section-height-default\" data-id=\"d4313f1\" data-element_type=\"section\" data-e-type=\"section\">\n\t\t\t\t\t\t<div class=\"elementor-container elementor-column-gap-default\">\n\t\t\t\t\t<div class=\"elementor-column elementor-col-33 elementor-top-column elementor-element elementor-element-4828c80\" data-id=\"4828c80\" data-element_type=\"column\" data-e-type=\"column\">\n\t\t\t<div class=\"elementor-widget-wrap\">\n\t\t\t\t\t\t\t<\/div>\n\t\t<\/div>\n\t\t\t\t<div class=\"elementor-column elementor-col-33 elementor-top-column elementor-element elementor-element-5a1890d\" data-id=\"5a1890d\" data-element_type=\"column\" data-e-type=\"column\">\n\t\t\t<div class=\"elementor-widget-wrap elementor-element-populated\">\n\t\t\t\t\t\t<div class=\"elementor-element elementor-element-853aaa5 elementor-widget elementor-widget-video\" data-id=\"853aaa5\" data-element_type=\"widget\" data-e-type=\"widget\" data-settings=\"{&quot;youtube_url&quot;:&quot;https:\\\/\\\/www.youtube.com\\\/watch?v=ZBfjITutA1g&amp;t=18s&amp;ab_channel=Fundaci%C3%B3nEspaciosVerdes&quot;,&quot;video_type&quot;:&quot;youtube&quot;,&quot;controls&quot;:&quot;yes&quot;}\" data-widget_type=\"video.default\">\n\t\t\t\t<div class=\"elementor-widget-container\">\n\t\t\t\t\t\t\t<div class=\"elementor-wrapper elementor-open-inline\">\n\t\t\t<div class=\"elementor-video\"><\/div>\t\t<\/div>\n\t\t\t\t\t\t<\/div>\n\t\t\t\t<\/div>\n\t\t\t\t\t<\/div>\n\t\t<\/div>\n\t\t\t\t<div class=\"elementor-column elementor-col-33 elementor-top-column elementor-element elementor-element-93cb75a\" data-id=\"93cb75a\" data-element_type=\"column\" data-e-type=\"column\">\n\t\t\t<div class=\"elementor-widget-wrap\">\n\t\t\t\t\t\t\t<\/div>\n\t\t<\/div>\n\t\t\t\t\t<\/div>\n\t\t<\/section>\n\t\t\t\t<section class=\"elementor-section elementor-top-section elementor-element elementor-element-5fe80c6 elementor-section-boxed elementor-section-height-default elementor-section-height-default\" data-id=\"5fe80c6\" data-element_type=\"section\" data-e-type=\"section\">\n\t\t\t\t\t\t<div class=\"elementor-container elementor-column-gap-default\">\n\t\t\t\t\t<div class=\"elementor-column elementor-col-100 elementor-top-column elementor-element elementor-element-a5df5ab\" data-id=\"a5df5ab\" data-element_type=\"column\" data-e-type=\"column\">\n\t\t\t<div class=\"elementor-widget-wrap elementor-element-populated\">\n\t\t\t\t\t\t<div class=\"elementor-element elementor-element-5e4c83b elementor-widget elementor-widget-spacer\" data-id=\"5e4c83b\" data-element_type=\"widget\" data-e-type=\"widget\" data-widget_type=\"spacer.default\">\n\t\t\t\t<div class=\"elementor-widget-container\">\n\t\t\t\t\t\t\t<div class=\"elementor-spacer\">\n\t\t\t<div class=\"elementor-spacer-inner\"><\/div>\n\t\t<\/div>\n\t\t\t\t\t\t<\/div>\n\t\t\t\t<\/div>\n\t\t\t\t<div class=\"elementor-element elementor-element-cb8e679 elementor-widget elementor-widget-heading\" data-id=\"cb8e679\" data-element_type=\"widget\" data-e-type=\"widget\" data-widget_type=\"heading.default\">\n\t\t\t\t<div class=\"elementor-widget-container\">\n\t\t\t\t\t<span class=\"elementor-heading-title elementor-size-default\">Voluntariado Corporativo<\/span>\t\t\t\t<\/div>\n\t\t\t\t<\/div>\n\t\t\t\t<div class=\"elementor-element elementor-element-eedb9c3 elementor-widget elementor-widget-text-editor\" data-id=\"eedb9c3\" data-element_type=\"widget\" data-e-type=\"widget\" data-widget_type=\"text-editor.default\">\n\t\t\t\t<div class=\"elementor-widget-container\">\n\t\t\t\t\t\t\t\t\t<p><span style=\"font-weight: 400;\">El programa est\u00e1 dirigido a realizar\u00a0 talleres de concientizaci\u00f3n ambiental para el personal de empresas, organizaciones sociales ambientales y escuelas de todos los\u00a0 niveles educativos. Se realizan charlas y\u00a0 actividades interactivas coordinadas por profesionales en la tem\u00e1tica adaptadas a las necesidades de las Instituciones.<\/span><\/p>\t\t\t\t\t\t\t\t<\/div>\n\t\t\t\t<\/div>\n\t\t\t\t\t<\/div>\n\t\t<\/div>\n\t\t\t\t\t<\/div>\n\t\t<\/section>\n\t\t\t\t<section class=\"elementor-section elementor-top-section elementor-element elementor-element-4e95772 elementor-section-boxed elementor-section-height-default elementor-section-height-default\" data-id=\"4e95772\" data-element_type=\"section\" data-e-type=\"section\">\n\t\t\t\t\t\t<div class=\"elementor-container elementor-column-gap-default\">\n\t\t\t\t\t<div class=\"elementor-column elementor-col-100 elementor-top-column elementor-element elementor-element-a5882c0\" data-id=\"a5882c0\" data-element_type=\"column\" data-e-type=\"column\">\n\t\t\t<div class=\"elementor-widget-wrap elementor-element-populated\">\n\t\t\t\t\t\t<div class=\"elementor-element elementor-element-bbe562e elementor-widget elementor-widget-spacer\" data-id=\"bbe562e\" data-element_type=\"widget\" data-e-type=\"widget\" data-widget_type=\"spacer.default\">\n\t\t\t\t<div class=\"elementor-widget-container\">\n\t\t\t\t\t\t\t<div class=\"elementor-spacer\">\n\t\t\t<div class=\"elementor-spacer-inner\"><\/div>\n\t\t<\/div>\n\t\t\t\t\t\t<\/div>\n\t\t\t\t<\/div>\n\t\t\t\t<div class=\"elementor-element elementor-element-f4002d6 elementor-align-center elementor-widget elementor-widget-button\" data-id=\"f4002d6\" data-element_type=\"widget\" data-e-type=\"widget\" data-widget_type=\"button.default\">\n\t\t\t\t<div class=\"elementor-widget-container\">\n\t\t\t\t\t\t\t\t\t<div class=\"elementor-button-wrapper\">\n\t\t\t\t\t<a class=\"elementor-button elementor-button-link elementor-size-sm elementor-animation-grow\" href=\"https:\/\/fev.org.ar\/02\/contactanos\/\" target=\"_blank\">\n\t\t\t\t\t\t<span class=\"elementor-button-content-wrapper\">\n\t\t\t\t\t\t\t\t\t<span class=\"elementor-button-text\">Consultas<\/span>\n\t\t\t\t\t<\/span>\n\t\t\t\t\t<\/a>\n\t\t\t\t<\/div>\n\t\t\t\t\t\t\t\t<\/div>\n\t\t\t\t<\/div>\n\t\t\t\t<div class=\"elementor-element elementor-element-b5c7b94 elementor-widget elementor-widget-spacer\" data-id=\"b5c7b94\" data-element_type=\"widget\" data-e-type=\"widget\" data-widget_type=\"spacer.default\">\n\t\t\t\t<div class=\"elementor-widget-container\">\n\t\t\t\t\t\t\t<div class=\"elementor-spacer\">\n\t\t\t<div class=\"elementor-spacer-inner\"><\/div>\n\t\t<\/div>\n\t\t\t\t\t\t<\/div>\n\t\t\t\t<\/div>\n\t\t\t\t\t<\/div>\n\t\t<\/div>\n\t\t\t\t\t<\/div>\n\t\t<\/section>\n\t\t\t\t<\/div>\n\t\t","protected":false},"excerpt":{"rendered":"<p>Voluntariado D\u00eda del voluntariado:\u00a0el 17 de diciembre de 1985, la Asamblea General de las Naciones Unidas invit\u00f3 a los gobiernos a celebrar cada\u00a05 de diciembre el D\u00eda Internacional de los [&hellip;]<\/p>\n","protected":false},"author":1,"featured_media":0,"parent":0,"menu_order":0,"comment_status":"closed","ping_status":"closed","template":"","meta":{"om_disable_all_campaigns":false,"_monsterinsights_skip_tracking":false,"_monsterinsights_sitenote_active":false,"_monsterinsights_sitenote_note":"","_monsterinsights_sitenote_category":0,"footnotes":""},"class_list":["post-412","page","type-page","status-publish","hentry"],"aioseo_notices":[],"_links":{"self":[{"href":"https:\/\/fev.org.ar\/02\/wp-json\/wp\/v2\/pages\/412","targetHints":{"allow":["GET"]}}],"collection":[{"href":"https:\/\/fev.org.ar\/02\/wp-json\/wp\/v2\/pages"}],"about":[{"href":"https:\/\/fev.org.ar\/02\/wp-json\/wp\/v2\/types\/page"}],"author":[{"embeddable":true,"href":"https:\/\/fev.org.ar\/02\/wp-json\/wp\/v2\/users\/1"}],"replies":[{"embeddable":true,"href":"https:\/\/fev.org.ar\/02\/wp-json\/wp\/v2\/comments?post=412"}],"version-history":[{"count":62,"href":"https:\/\/fev.org.ar\/02\/wp-json\/wp\/v2\/pages\/412\/revisions"}],"predecessor-version":[{"id":1516,"href":"https:\/\/fev.org.ar\/02\/wp-json\/wp\/v2\/pages\/412\/revisions\/1516"}],"wp:attachment":[{"href":"https:\/\/fev.org.ar\/02\/wp-json\/wp\/v2\/media?parent=412"}],"curies":[{"name":"wp","href":"https:\/\/api.w.org\/{rel}","templated":true}]}}