{"id":423,"date":"2023-05-10T21:53:29","date_gmt":"2023-05-10T21:53:29","guid":{"rendered":"https:\/\/fev.org.ar\/02\/?page_id=423"},"modified":"2024-09-16T19:28:29","modified_gmt":"2024-09-16T19:28:29","slug":"aprendiendo-en-verde-cursos-y-talleres-ods-en-las-escuelas","status":"publish","type":"page","link":"https:\/\/fev.org.ar\/02\/aprendiendo-en-verde-cursos-y-talleres-ods-en-las-escuelas\/","title":{"rendered":"\u3164Aprendiendo En Verde"},"content":{"rendered":"\t\t<div data-elementor-type=\"wp-page\" data-elementor-id=\"423\" class=\"elementor elementor-423\" data-elementor-post-type=\"page\">\n\t\t\t\t\t\t<section class=\"elementor-section elementor-top-section elementor-element elementor-element-07b15da elementor-section-boxed elementor-section-height-default elementor-section-height-default\" data-id=\"07b15da\" data-element_type=\"section\" data-e-type=\"section\">\n\t\t\t\t\t\t<div class=\"elementor-container elementor-column-gap-default\">\n\t\t\t\t\t<div class=\"elementor-column elementor-col-100 elementor-top-column elementor-element elementor-element-9609635\" data-id=\"9609635\" data-element_type=\"column\" data-e-type=\"column\">\n\t\t\t<div class=\"elementor-widget-wrap elementor-element-populated\">\n\t\t\t\t\t\t<div class=\"elementor-element elementor-element-b6c76a3 elementor-widget elementor-widget-image\" data-id=\"b6c76a3\" data-element_type=\"widget\" data-e-type=\"widget\" data-widget_type=\"image.default\">\n\t\t\t\t<div class=\"elementor-widget-container\">\n\t\t\t\t\t\t\t\t\t\t\t\t\t\t\t<img fetchpriority=\"high\" decoding=\"async\" width=\"970\" height=\"616\" src=\"https:\/\/fev.org.ar\/02\/wp-content\/uploads\/2023\/08\/Logo-A-en-V_2019.png\" class=\"attachment-full size-full wp-image-1043\" alt=\"\" srcset=\"https:\/\/fev.org.ar\/02\/wp-content\/uploads\/2023\/08\/Logo-A-en-V_2019.png 970w, https:\/\/fev.org.ar\/02\/wp-content\/uploads\/2023\/08\/Logo-A-en-V_2019-300x191.png 300w, https:\/\/fev.org.ar\/02\/wp-content\/uploads\/2023\/08\/Logo-A-en-V_2019-768x488.png 768w\" sizes=\"(max-width: 970px) 100vw, 970px\" \/>\t\t\t\t\t\t\t\t\t\t\t\t\t\t\t<\/div>\n\t\t\t\t<\/div>\n\t\t\t\t\t<\/div>\n\t\t<\/div>\n\t\t\t\t\t<\/div>\n\t\t<\/section>\n\t\t\t\t<section class=\"elementor-section elementor-top-section elementor-element elementor-element-4ec76a5 elementor-section-boxed elementor-section-height-default elementor-section-height-default\" data-id=\"4ec76a5\" data-element_type=\"section\" data-e-type=\"section\">\n\t\t\t\t\t\t<div class=\"elementor-container elementor-column-gap-default\">\n\t\t\t\t\t<div class=\"elementor-column elementor-col-100 elementor-top-column elementor-element elementor-element-922ed15\" data-id=\"922ed15\" data-element_type=\"column\" data-e-type=\"column\">\n\t\t\t<div class=\"elementor-widget-wrap elementor-element-populated\">\n\t\t\t\t\t\t<div class=\"elementor-element elementor-element-0a7bc0f elementor-widget elementor-widget-text-editor\" data-id=\"0a7bc0f\" data-element_type=\"widget\" data-e-type=\"widget\" data-widget_type=\"text-editor.default\">\n\t\t\t\t<div class=\"elementor-widget-container\">\n\t\t\t\t\t\t\t\t\t<p style=\"text-align: left;\">El Programa Aprendiendo en Verde ha sido creado con el fin de proporcionar a alumnos y docentes, conocimientos ambientales que faciliten, a trav\u00e9s de una actitud cr\u00edtica y responsable, el an\u00e1lisis de las problem\u00e1ticas locales, promoviendo un cambio en las actitudes personales y de la comunidad respecto de su estilo de vida y la convivencia con el medio.<\/p>\t\t\t\t\t\t\t\t<\/div>\n\t\t\t\t<\/div>\n\t\t\t\t\t<\/div>\n\t\t<\/div>\n\t\t\t\t\t<\/div>\n\t\t<\/section>\n\t\t\t\t<section class=\"elementor-section elementor-top-section elementor-element elementor-element-529ce84 elementor-section-boxed elementor-section-height-default elementor-section-height-default\" data-id=\"529ce84\" data-element_type=\"section\" data-e-type=\"section\">\n\t\t\t\t\t\t<div class=\"elementor-container elementor-column-gap-default\">\n\t\t\t\t\t<div class=\"elementor-column elementor-col-100 elementor-top-column elementor-element elementor-element-dfb4abb\" data-id=\"dfb4abb\" data-element_type=\"column\" data-e-type=\"column\">\n\t\t\t<div class=\"elementor-widget-wrap elementor-element-populated\">\n\t\t\t\t\t\t<div class=\"elementor-element elementor-element-0621feb elementor-widget elementor-widget-spacer\" data-id=\"0621feb\" data-element_type=\"widget\" data-e-type=\"widget\" data-widget_type=\"spacer.default\">\n\t\t\t\t<div class=\"elementor-widget-container\">\n\t\t\t\t\t\t\t<div class=\"elementor-spacer\">\n\t\t\t<div class=\"elementor-spacer-inner\"><\/div>\n\t\t<\/div>\n\t\t\t\t\t\t<\/div>\n\t\t\t\t<\/div>\n\t\t\t\t<div class=\"elementor-element elementor-element-603034e elementor-widget elementor-widget-heading\" data-id=\"603034e\" data-element_type=\"widget\" data-e-type=\"widget\" data-widget_type=\"heading.default\">\n\t\t\t\t<div class=\"elementor-widget-container\">\n\t\t\t\t\t<h2 class=\"elementor-heading-title elementor-size-default\">Talleres para las Escuelas<\/h2>\t\t\t\t<\/div>\n\t\t\t\t<\/div>\n\t\t\t\t<div class=\"elementor-element elementor-element-7e0633d elementor-widget elementor-widget-text-editor\" data-id=\"7e0633d\" data-element_type=\"widget\" data-e-type=\"widget\" data-widget_type=\"text-editor.default\">\n\t\t\t\t<div class=\"elementor-widget-container\">\n\t\t\t\t\t\t\t\t\t<p style=\"text-align: left;\">\u00a1Arrancan los talleres ambientales para escuelas! Desde Fundaci\u00f3n Espacios Verdes te ofrecemos, de la mano de especialistas en Educaci\u00f3n Ambiental, talleres, charlas y capacitaciones para que la educaci\u00f3n ambiental sea parte de tu proyecto pedag\u00f3gico.<\/p>\t\t\t\t\t\t\t\t<\/div>\n\t\t\t\t<\/div>\n\t\t\t\t<div class=\"elementor-element elementor-element-df3bd57 elementor-align-center elementor-widget elementor-widget-button\" data-id=\"df3bd57\" data-element_type=\"widget\" data-e-type=\"widget\" data-widget_type=\"button.default\">\n\t\t\t\t<div class=\"elementor-widget-container\">\n\t\t\t\t\t\t\t\t\t<div class=\"elementor-button-wrapper\">\n\t\t\t\t\t<a class=\"elementor-button elementor-button-link elementor-size-sm elementor-animation-grow\" href=\"https:\/\/fev.org.ar\/02\/talleres-para-escuelas\/\">\n\t\t\t\t\t\t<span class=\"elementor-button-content-wrapper\">\n\t\t\t\t\t\t\t\t\t<span class=\"elementor-button-text\">Talleres<\/span>\n\t\t\t\t\t<\/span>\n\t\t\t\t\t<\/a>\n\t\t\t\t<\/div>\n\t\t\t\t\t\t\t\t<\/div>\n\t\t\t\t<\/div>\n\t\t\t\t<div class=\"elementor-element elementor-element-6d50bc3 elementor-widget elementor-widget-spacer\" data-id=\"6d50bc3\" data-element_type=\"widget\" data-e-type=\"widget\" data-widget_type=\"spacer.default\">\n\t\t\t\t<div class=\"elementor-widget-container\">\n\t\t\t\t\t\t\t<div class=\"elementor-spacer\">\n\t\t\t<div class=\"elementor-spacer-inner\"><\/div>\n\t\t<\/div>\n\t\t\t\t\t\t<\/div>\n\t\t\t\t<\/div>\n\t\t\t\t\t<\/div>\n\t\t<\/div>\n\t\t\t\t\t<\/div>\n\t\t<\/section>\n\t\t\t\t<section class=\"elementor-section elementor-top-section elementor-element elementor-element-ec414d2 elementor-section-boxed elementor-section-height-default elementor-section-height-default\" data-id=\"ec414d2\" data-element_type=\"section\" data-e-type=\"section\">\n\t\t\t\t\t\t<div class=\"elementor-container elementor-column-gap-default\">\n\t\t\t\t\t<div class=\"elementor-column elementor-col-33 elementor-top-column elementor-element elementor-element-697c0c4\" data-id=\"697c0c4\" data-element_type=\"column\" data-e-type=\"column\">\n\t\t\t<div class=\"elementor-widget-wrap\">\n\t\t\t\t\t\t\t<\/div>\n\t\t<\/div>\n\t\t\t\t<div class=\"elementor-column elementor-col-33 elementor-top-column elementor-element elementor-element-780a568\" data-id=\"780a568\" data-element_type=\"column\" data-e-type=\"column\">\n\t\t\t<div class=\"elementor-widget-wrap elementor-element-populated\">\n\t\t\t\t\t\t<div class=\"elementor-element elementor-element-c324944 elementor-widget elementor-widget-heading\" data-id=\"c324944\" data-element_type=\"widget\" data-e-type=\"widget\" data-widget_type=\"heading.default\">\n\t\t\t\t<div class=\"elementor-widget-container\">\n\t\t\t\t\t<h2 class=\"elementor-heading-title elementor-size-default\"><span style=\"font-size: 22px;font-weight: 300;text-align: center\">Historia de Aprendiendo en Verde<\/span><\/h2>\t\t\t\t<\/div>\n\t\t\t\t<\/div>\n\t\t\t\t<div class=\"elementor-element elementor-element-ae7b0a5 elementor-widget elementor-widget-video\" data-id=\"ae7b0a5\" data-element_type=\"widget\" data-e-type=\"widget\" data-settings=\"{&quot;youtube_url&quot;:&quot;https:\\\/\\\/www.youtube.com\\\/watch?v=DAtdwtLt8Mo&amp;feature=youtu.be&quot;,&quot;video_type&quot;:&quot;youtube&quot;,&quot;controls&quot;:&quot;yes&quot;}\" data-widget_type=\"video.default\">\n\t\t\t\t<div class=\"elementor-widget-container\">\n\t\t\t\t\t\t\t<div class=\"elementor-wrapper elementor-open-inline\">\n\t\t\t<div class=\"elementor-video\"><\/div>\t\t<\/div>\n\t\t\t\t\t\t<\/div>\n\t\t\t\t<\/div>\n\t\t\t\t\t<\/div>\n\t\t<\/div>\n\t\t\t\t<div class=\"elementor-column elementor-col-33 elementor-top-column elementor-element elementor-element-8b2c38b\" data-id=\"8b2c38b\" data-element_type=\"column\" data-e-type=\"column\">\n\t\t\t<div class=\"elementor-widget-wrap\">\n\t\t\t\t\t\t\t<\/div>\n\t\t<\/div>\n\t\t\t\t\t<\/div>\n\t\t<\/section>\n\t\t\t\t<section class=\"elementor-section elementor-top-section elementor-element elementor-element-a726377 elementor-section-boxed elementor-section-height-default elementor-section-height-default\" data-id=\"a726377\" data-element_type=\"section\" data-e-type=\"section\">\n\t\t\t\t\t\t<div class=\"elementor-container elementor-column-gap-default\">\n\t\t\t\t\t<div class=\"elementor-column elementor-col-100 elementor-top-column elementor-element elementor-element-14ebd3b\" data-id=\"14ebd3b\" data-element_type=\"column\" data-e-type=\"column\">\n\t\t\t<div class=\"elementor-widget-wrap elementor-element-populated\">\n\t\t\t\t\t\t<div class=\"elementor-element elementor-element-b6324a5 elementor-widget elementor-widget-text-editor\" data-id=\"b6324a5\" data-element_type=\"widget\" data-e-type=\"widget\" data-widget_type=\"text-editor.default\">\n\t\t\t\t<div class=\"elementor-widget-container\">\n\t\t\t\t\t\t\t\t\t<p>El Programa Aula Verde, actualmente conocido como \u00ab<b>Programa Aprendiendo en Verde<\/b>\u00ab, fue creado en el a\u00f1o 2000 como una forma de unificar diversos talleres educativos bajo un mismo nombre, todos inspirados en el entorno natural al aire libre. Inicialmente, el programa se estableci\u00f3 mediante un convenio con la Fundaci\u00f3n Cultural Argentino Japonesa para coordinar las visitas escolares al Jard\u00edn Japon\u00e9s, beneficiando a miles de alumnos. Con el tiempo, se incorporaron otras instituciones y artesanos que colaboraban con la FEV desde 1994 y, a partir de 1996, en las Jornadas de Calidad de Vida.<\/p>\n<p>El Programa Aula Verde ofrec\u00eda talleres, charlas y espect\u00e1culos infantiles sobre temas ambientales, en los que participaban escuelas y familias durante los fines de semana. En 2002, se obtuvo un subsidio de la Secretar\u00eda de Ambiente y Desarrollo Sustentable para incluir la \u00abOrquesta Viva\u00bb, y en 2006 se obtuvo el auspicio del Ministerio de Educaci\u00f3n. En 2007, se firm\u00f3 un convenio con el Ministerio de Medio Ambiente del Gobierno de la Ciudad para desarrollar otro programa similar en el Jard\u00edn Bot\u00e1nico de la Ciudad Aut\u00f3noma de Buenos Aires.<\/p>\n<p>Desde sus inicios hasta la actualidad, el programa ha evolucionado y se ha adaptado, siendo un modelo para el \u00abPrograma Aprendiendo en Verde\u00bb. Este \u00faltimo se ajusta a las necesidades de diferentes edades, culturas, problem\u00e1ticas y recursos, permitiendo su implementaci\u00f3n en distintos lugares.<\/p>\t\t\t\t\t\t\t\t<\/div>\n\t\t\t\t<\/div>\n\t\t\t\t<div class=\"elementor-element elementor-element-74ea103 elementor-align-center elementor-widget elementor-widget-button\" data-id=\"74ea103\" data-element_type=\"widget\" data-e-type=\"widget\" data-widget_type=\"button.default\">\n\t\t\t\t<div class=\"elementor-widget-container\">\n\t\t\t\t\t\t\t\t\t<div class=\"elementor-button-wrapper\">\n\t\t\t\t\t<a class=\"elementor-button elementor-button-link elementor-size-sm elementor-animation-grow\" href=\"https:\/\/fev.org.ar\/02\/contactanos\/\">\n\t\t\t\t\t\t<span class=\"elementor-button-content-wrapper\">\n\t\t\t\t\t\t\t\t\t<span class=\"elementor-button-text\">Consultas<\/span>\n\t\t\t\t\t<\/span>\n\t\t\t\t\t<\/a>\n\t\t\t\t<\/div>\n\t\t\t\t\t\t\t\t<\/div>\n\t\t\t\t<\/div>\n\t\t\t\t\t<\/div>\n\t\t<\/div>\n\t\t\t\t\t<\/div>\n\t\t<\/section>\n\t\t\t\t<section class=\"elementor-section elementor-top-section elementor-element elementor-element-63a306c elementor-section-boxed elementor-section-height-default elementor-section-height-default\" data-id=\"63a306c\" data-element_type=\"section\" data-e-type=\"section\">\n\t\t\t\t\t\t<div class=\"elementor-container elementor-column-gap-default\">\n\t\t\t\t\t<div class=\"elementor-column elementor-col-100 elementor-top-column elementor-element elementor-element-1257b80\" data-id=\"1257b80\" data-element_type=\"column\" data-e-type=\"column\">\n\t\t\t<div class=\"elementor-widget-wrap elementor-element-populated\">\n\t\t\t\t\t\t<div class=\"elementor-element elementor-element-74adba0 elementor-widget elementor-widget-spacer\" data-id=\"74adba0\" data-element_type=\"widget\" data-e-type=\"widget\" data-widget_type=\"spacer.default\">\n\t\t\t\t<div class=\"elementor-widget-container\">\n\t\t\t\t\t\t\t<div class=\"elementor-spacer\">\n\t\t\t<div class=\"elementor-spacer-inner\"><\/div>\n\t\t<\/div>\n\t\t\t\t\t\t<\/div>\n\t\t\t\t<\/div>\n\t\t\t\t<div class=\"elementor-element elementor-element-537438b elementor-widget elementor-widget-heading\" data-id=\"537438b\" data-element_type=\"widget\" data-e-type=\"widget\" data-widget_type=\"heading.default\">\n\t\t\t\t<div class=\"elementor-widget-container\">\n\t\t\t\t\t<h2 class=\"elementor-heading-title elementor-size-default\">BLOG<\/h2>\t\t\t\t<\/div>\n\t\t\t\t<\/div>\n\t\t\t\t<div class=\"elementor-element elementor-element-5955e7d elementor-widget elementor-widget-text-editor\" data-id=\"5955e7d\" data-element_type=\"widget\" data-e-type=\"widget\" data-widget_type=\"text-editor.default\">\n\t\t\t\t<div class=\"elementor-widget-container\">\n\t\t\t\t\t\t\t\t\t<p style=\"text-align: left;\">El <b>blog<\/b> Aprendiendo en Verde tiene como objetivo la comunicaci\u00f3n de novedades, actividades\u00a0<span style=\"color: var( --e-global-color-text ); font-family: var( --e-global-typography-text-font-family ), Sans-serif; font-weight: var( --e-global-typography-text-font-weight ); font-size: 1rem;\">e informaci\u00f3n de relevancia sobre los recursos naturales y la importancia de la conservaci\u00f3n,\u00a0<\/span><span style=\"color: var( --e-global-color-text ); font-family: var( --e-global-typography-text-font-family ), Sans-serif; font-weight: var( --e-global-typography-text-font-weight ); font-size: 1rem;\">educaci\u00f3n, concientizaci\u00f3n ambiental y turismo sostenible.<\/span><\/p>\t\t\t\t\t\t\t\t<\/div>\n\t\t\t\t<\/div>\n\t\t\t\t<div class=\"elementor-element elementor-element-1ef49aa elementor-align-center elementor-widget elementor-widget-button\" data-id=\"1ef49aa\" data-element_type=\"widget\" data-e-type=\"widget\" data-widget_type=\"button.default\">\n\t\t\t\t<div class=\"elementor-widget-container\">\n\t\t\t\t\t\t\t\t\t<div class=\"elementor-button-wrapper\">\n\t\t\t\t\t<a class=\"elementor-button elementor-button-link elementor-size-md elementor-animation-grow\" href=\"https:\/\/aprendiendoenverde.com\/ar\/blog\/\">\n\t\t\t\t\t\t<span class=\"elementor-button-content-wrapper\">\n\t\t\t\t\t\t\t\t\t<span class=\"elementor-button-text\">Accede al Blog haciendo click<\/span>\n\t\t\t\t\t<\/span>\n\t\t\t\t\t<\/a>\n\t\t\t\t<\/div>\n\t\t\t\t\t\t\t\t<\/div>\n\t\t\t\t<\/div>\n\t\t\t\t\t<\/div>\n\t\t<\/div>\n\t\t\t\t\t<\/div>\n\t\t<\/section>\n\t\t\t\t<\/div>\n\t\t","protected":false},"excerpt":{"rendered":"<p>El Programa Aprendiendo en Verde ha sido creado con el fin de proporcionar a alumnos y docentes, conocimientos ambientales que faciliten, a trav\u00e9s de una actitud cr\u00edtica y responsable, el [&hellip;]<\/p>\n","protected":false},"author":1,"featured_media":0,"parent":0,"menu_order":0,"comment_status":"closed","ping_status":"closed","template":"","meta":{"om_disable_all_campaigns":false,"_monsterinsights_skip_tracking":false,"_monsterinsights_sitenote_active":false,"_monsterinsights_sitenote_note":"","_monsterinsights_sitenote_category":0,"footnotes":""},"class_list":["post-423","page","type-page","status-publish","hentry"],"aioseo_notices":[],"_links":{"self":[{"href":"https:\/\/fev.org.ar\/02\/wp-json\/wp\/v2\/pages\/423","targetHints":{"allow":["GET"]}}],"collection":[{"href":"https:\/\/fev.org.ar\/02\/wp-json\/wp\/v2\/pages"}],"about":[{"href":"https:\/\/fev.org.ar\/02\/wp-json\/wp\/v2\/types\/page"}],"author":[{"embeddable":true,"href":"https:\/\/fev.org.ar\/02\/wp-json\/wp\/v2\/users\/1"}],"replies":[{"embeddable":true,"href":"https:\/\/fev.org.ar\/02\/wp-json\/wp\/v2\/comments?post=423"}],"version-history":[{"count":103,"href":"https:\/\/fev.org.ar\/02\/wp-json\/wp\/v2\/pages\/423\/revisions"}],"predecessor-version":[{"id":1665,"href":"https:\/\/fev.org.ar\/02\/wp-json\/wp\/v2\/pages\/423\/revisions\/1665"}],"wp:attachment":[{"href":"https:\/\/fev.org.ar\/02\/wp-json\/wp\/v2\/media?parent=423"}],"curies":[{"name":"wp","href":"https:\/\/api.w.org\/{rel}","templated":true}]}}