{"id":2125,"date":"2021-10-06T21:43:27","date_gmt":"2021-10-07T00:43:27","guid":{"rendered":"https:\/\/fev.org.ar\/2021\/?page_id=2125"},"modified":"2021-10-15T22:28:29","modified_gmt":"2021-10-16T01:28:29","slug":"2-introduccion-y-agradecimientos","status":"publish","type":"page","link":"https:\/\/fev.org.ar\/2021\/2-introduccion-y-agradecimientos\/","title":{"rendered":"2. Introducci\u00f3n y agradecimientos"},"content":{"rendered":"\t\t<div data-elementor-type=\"wp-page\" data-elementor-id=\"2125\" class=\"elementor elementor-2125\" data-elementor-settings=\"[]\">\n\t\t\t\t\t\t\t<div class=\"elementor-section-wrap\">\n\t\t\t\t\t\t\t<section class=\"elementor-section elementor-top-section elementor-element elementor-element-423bd75d elementor-section-height-min-height elementor-section-boxed elementor-section-height-default elementor-section-items-middle\" data-id=\"423bd75d\" data-element_type=\"section\" data-settings=\"{&quot;background_background&quot;:&quot;classic&quot;}\">\n\t\t\t\t\t\t<div class=\"elementor-container elementor-column-gap-default\">\n\t\t\t\t\t<div class=\"elementor-column elementor-col-50 elementor-top-column elementor-element elementor-element-14715d95\" data-id=\"14715d95\" data-element_type=\"column\">\n\t\t\t<div class=\"elementor-widget-wrap elementor-element-populated\">\n\t\t\t\t\t\t\t\t<div class=\"elementor-element elementor-element-7954fac7 elementor-hidden-tablet elementor-hidden-phone elementor-invisible elementor-widget elementor-widget-heading\" data-id=\"7954fac7\" data-element_type=\"widget\" data-settings=\"{&quot;_animation&quot;:&quot;fadeIn&quot;}\" data-widget_type=\"heading.default\">\n\t\t\t\t<div class=\"elementor-widget-container\">\n\t\t\t<h1 class=\"elementor-heading-title elementor-size-default\">Introducci\u00f3n y agradecimientos<\/h1>\t\t<\/div>\n\t\t\t\t<\/div>\n\t\t\t\t<div class=\"elementor-element elementor-element-7d0a27d elementor-hidden-desktop elementor-invisible elementor-widget elementor-widget-heading\" data-id=\"7d0a27d\" data-element_type=\"widget\" data-settings=\"{&quot;_animation&quot;:&quot;fadeIn&quot;}\" data-widget_type=\"heading.default\">\n\t\t\t\t<div class=\"elementor-widget-container\">\n\t\t\t<h1 class=\"elementor-heading-title elementor-size-default\">Introducci\u00f3n y agradecimientos<\/h1>\t\t<\/div>\n\t\t\t\t<\/div>\n\t\t\t\t<div class=\"elementor-element elementor-element-97c1496 elementor-align-center elementor-mobile-align-center elementor-hidden-desktop elementor-widget elementor-widget-breadcrumbs\" data-id=\"97c1496\" data-element_type=\"widget\" data-widget_type=\"breadcrumbs.default\">\n\t\t\t\t<div class=\"elementor-widget-container\">\n\t\t\t<p id=\"breadcrumbs\"><span><span><a href=\"https:\/\/fev.org.ar\/2021\/\">Inicio<\/a><\/span><\/p>\t\t<\/div>\n\t\t\t\t<\/div>\n\t\t\t\t\t<\/div>\n\t\t<\/div>\n\t\t\t\t<div class=\"elementor-column elementor-col-50 elementor-top-column elementor-element elementor-element-742ad83b elementor-hidden-tablet elementor-hidden-phone\" data-id=\"742ad83b\" data-element_type=\"column\">\n\t\t\t<div class=\"elementor-widget-wrap elementor-element-populated\">\n\t\t\t\t\t\t\t\t<div class=\"elementor-element elementor-element-385ed5ee elementor-align-right elementor-mobile-align-left elementor-widget elementor-widget-breadcrumbs\" data-id=\"385ed5ee\" data-element_type=\"widget\" data-widget_type=\"breadcrumbs.default\">\n\t\t\t\t<div class=\"elementor-widget-container\">\n\t\t\t<p id=\"breadcrumbs\"><span><span><a href=\"https:\/\/fev.org.ar\/2021\/\">Inicio<\/a><\/span><\/p>\t\t<\/div>\n\t\t\t\t<\/div>\n\t\t\t\t\t<\/div>\n\t\t<\/div>\n\t\t\t\t\t\t\t<\/div>\n\t\t<\/section>\n\t\t\t\t<section class=\"elementor-section elementor-top-section elementor-element elementor-element-3807a7e elementor-section-height-min-height elementor-section-items-stretch elementor-section-boxed elementor-section-height-default\" data-id=\"3807a7e\" data-element_type=\"section\" data-settings=\"{&quot;background_background&quot;:&quot;classic&quot;}\">\n\t\t\t\t\t\t\t<div class=\"elementor-background-overlay\"><\/div>\n\t\t\t\t\t\t\t<div class=\"elementor-container elementor-column-gap-default\">\n\t\t\t\t\t<div class=\"elementor-column elementor-col-50 elementor-top-column elementor-element elementor-element-6b64a6b\" data-id=\"6b64a6b\" data-element_type=\"column\">\n\t\t\t<div class=\"elementor-widget-wrap elementor-element-populated\">\n\t\t\t\t\t\t\t\t<div class=\"elementor-element elementor-element-29ef42b elementor-widget elementor-widget-text-editor\" data-id=\"29ef42b\" data-element_type=\"widget\" data-widget_type=\"text-editor.default\">\n\t\t\t\t<div class=\"elementor-widget-container\">\n\t\t\t\t\t\t\t<p>Han pasado tres d\u00e9cadas desde que se cre\u00f3 la Fundaci\u00f3n Espacios Verdes, muy conocida como \u201cla FEV\u201d, con un objetivo: mejorar la calidad de vida del ser humano en armon\u00eda con la naturaleza. Sin conocer exactamente sobre el tema, los fundadores quisieron plasmar ese sue\u00f1o colectivo de \u201cun mundo mejor\u201d. Un objetivo tan remoto y ancestral, desde Ad\u00e1n y Eva, hasta la actualidad.<\/p><p>Siempre ha estado latente, con la evoluci\u00f3n de los hombres y las mujeres a trav\u00e9s de los siglos, con la motivaci\u00f3n de lograr cambios profundos en el desarrollo de la sociedad.<\/p><p>La utop\u00eda colectiva de una sociedad ideal es un deseo profundo de la humanidad, pero a\u00fan estamos lejos de que sea realidad \u2013parad\u00f3jicamente\u2013 por causa del mismo individuo que tanto desea la armon\u00eda y el bienestar de nuestro planeta Tierra. Por otro lado, destruimos constantemente en los del progreso, pero sin medir sus consecuencias.<\/p><p>La esperanza es el motor que nos impulsa a continuar. Mientras haya vida, hay una luz que ilumina el camino.<\/p><p>La FEV es parte de este deseo colectivo que, desde hace 30 a\u00f1os, fue transitando los primeros pasos sin tener tan en claro en ese momento la manera de hacerlo y de llevar adelante sus objetivos estatutarios. Los interrogantes eran muchos \u2013pero tambi\u00e9n lo fueron las respuestas que fueron surgiendo sobre un tema tan trascendental como es el cuidado de nuestro h\u00e1bitat y de nosotros mismos. Como dir\u00eda el Principito: \u201cLo esencial es invisible a los ojos\u201d (Antoine de Saint-Exup\u00e9ry).<\/p><p>Esta frase nos da la pauta del porqu\u00e9 de muchos acontecimientos realizados por el hombre que suceden al no ver el verdadero valor de las cosas. No siempre es evidente su significado para nosotros, los seres humanos.<\/p><p>De algo estamos seguros: ha sido y es un gran aprendizaje, y \u2013m\u00e1gicamente\u2013 los deseos se fueron plasmando a trav\u00e9s de las y los colaboradores que se fueron sumando con su trabajo, su pasi\u00f3n y su esfuerzo. Muchos y muchas dejaron una huella profunda, mientras que otras y otros marcaron las diferencias para mejorar, transformar y crecer. Sus aportes, grandes o peque\u00f1os, ayudaron al crecimiento de la FEV. Eso se llama \u201cSolidaridad Ambiental\u201d.<\/p><p>Tambi\u00e9n queremos agradecer a las Instituciones que nos apoyaron, y nos de mostraron su confianza respecto a que entre todos pod\u00edamos cambiar algo en el camino de ese sue\u00f1o de un mundo mejor en el cual tenemos a\u00fan mucho por hacer&#8230;<\/p><p>Nuestro reconocimiento hacia todos ellos y todas ellas, tanto como a las Instituciones, lo expresamos en orden de llegada a la historia de la FEV, as\u00ed como tambi\u00e9n a quienes las representaron en cada momento de estos 30 a\u00f1os:<\/p>\t\t\t\t\t\t<\/div>\n\t\t\t\t<\/div>\n\t\t\t\t\t<\/div>\n\t\t<\/div>\n\t\t\t\t<div class=\"elementor-column elementor-col-50 elementor-top-column elementor-element elementor-element-114e32b\" data-id=\"114e32b\" data-element_type=\"column\">\n\t\t\t<div class=\"elementor-widget-wrap elementor-element-populated\">\n\t\t\t\t\t\t\t\t<div class=\"elementor-element elementor-element-f0a08d8 elementor-widget elementor-widget-text-editor\" data-id=\"f0a08d8\" data-element_type=\"widget\" data-widget_type=\"text-editor.default\">\n\t\t\t\t<div class=\"elementor-widget-container\">\n\t\t\t\t\t\t\t<ul><li>Universidad Nacional de San Luis<\/li><li>Iglesia Estoniana Luterana<\/li><li>Padres de Keivis<\/li><li>Escuela del Encuentro<\/li><li>Expotrade<\/li><li>Fotocaf\u00e9 4 Elementos<\/li><li>SONNE<\/li><li>ITT Argentina<\/li><li>Fundaci\u00f3n Cultural Argentino Japonesa<\/li><li>Agencia de Cooperaci\u00f3n Internacional del Jap\u00f3n (JICA)<\/li><li>Universidad de la Punta<\/li><li>COORDIEP<\/li><li>Secretar\u00eda de Ambiente y Desarrollo Sustentable de la Naci\u00f3n<\/li><li>Escuela Especial Acuarela<\/li><li>Ex Ministerio de Medio Ambiente de la Provincia de San Luis<\/li><li>Municipio de la Villa de Merlo<\/li><li>Asociaci\u00f3n de Bomberos Voluntarios de la Villa de Merlo<\/li><li>Facultad de Ciencias Veterinarias de la UBA<\/li><li>Hospital de Cl\u00ednicas Secci\u00f3n situaciones vitales derivadas de la marginalidad y exclusi\u00f3n social<\/li><li>Ministerio de Medio Ambiente del GCBA<\/li><li>Ministerio de Trabajo y Desarrollo Social de la Naci\u00f3n<\/li><li>Defensor\u00eda del Pueblo de CABA<\/li><li>ProHuerta del INTA<\/li><li>Escuelas Verdes del Ministerio\u00a0de Educaci\u00f3n del GCBA<\/li><li>Universidad Nacional de los Comechingones<\/li><li>Fundaci\u00f3n Ecologista Verde<\/li><li>Colegio Almafuerte de Jos\u00e9 Le\u00f3n Su\u00e1rez<\/li><li>Argentina Kenshu Center \u2013 AOTS<\/li><li>Grupo de Estudio y Trabajo para la Salud \u2013 GETS<\/li><li>Asociaci\u00f3n Becarios de Jap\u00f3n \u2013 ABJA<\/li><li>Red Argentina de Educaci\u00f3n Ambiental \u2013 RAEA<\/li><li>Instituto Especial Acuarela<\/li><li>Organizaci\u00f3n Mundial de Ense\u00f1anza Preescolar \u2013 OMEP<\/li><li>SEDUCA<\/li><li>SOLBAYRES<\/li><li>Escuela Nichia Gakuin<\/li><li>Escuela El Cuenco<\/li><li>Tierra de Oro<\/li><li>IRAM<\/li><li>Fundaci\u00f3n Juancho Reale<\/li><li>CONSUDEC<\/li><li>C.O.A.M.A<\/li><li>Red de Educaci\u00f3n Ambiental GBA OESTE.<\/li><\/ul>\t\t\t\t\t\t<\/div>\n\t\t\t\t<\/div>\n\t\t\t\t<div class=\"elementor-element elementor-element-fa0ac21 elementor-widget elementor-widget-text-editor\" data-id=\"fa0ac21\" data-element_type=\"widget\" data-widget_type=\"text-editor.default\">\n\t\t\t\t<div class=\"elementor-widget-container\">\n\t\t\t\t\t\t\t<p>Y a todas las Instituciones con las que \u2013de una manera o de otra\u2013 nos relacionamos en este camino constante de la educaci\u00f3n y la concientizaci\u00f3n ambiental. Muchas gracias, nuevamente, a todas las personas e Instituciones que hicieron la historia de la FEV. Un agradecimiento muy especial al Dr. Bernardo Kliksberg por sus palabras y por la confianza depositada en nuestra Instituci\u00f3n.\u00a0<\/p>\t\t\t\t\t\t<\/div>\n\t\t\t\t<\/div>\n\t\t\t\t\t<\/div>\n\t\t<\/div>\n\t\t\t\t\t\t\t<\/div>\n\t\t<\/section>\n\t\t\t\t\t\t<\/div>\n\t\t\t\t\t<\/div>\n\t\t","protected":false},"excerpt":{"rendered":"<p>Introducci\u00f3n y agradecimientos Introducci\u00f3n y agradecimientos Han pasado tres d\u00e9cadas desde que se cre\u00f3 la Fundaci\u00f3n Espacios Verdes, muy conocida como \u201cla FEV\u201d, con un objetivo: mejorar la calidad de vida del ser humano en armon\u00eda con la naturaleza. Sin conocer exactamente sobre el tema, los fundadores quisieron plasmar ese sue\u00f1o colectivo de \u201cun mundo [&hellip;]<\/p>\n","protected":false},"author":1,"featured_media":0,"parent":0,"menu_order":0,"comment_status":"closed","ping_status":"closed","template":"","meta":{"footnotes":""},"class_list":["post-2125","page","type-page","status-publish","hentry"],"yoast_head":"<!-- This site is optimized with the Yoast SEO plugin v17.3 - https:\/\/yoast.com\/wordpress\/plugins\/seo\/ -->\n<title>2. Introducci\u00f3n y agradecimientos &ndash; Fev 30 a\u00f1os | Revista<\/title>\n<meta name=\"robots\" content=\"index, follow, max-snippet:-1, max-image-preview:large, max-video-preview:-1\" \/>\n<link rel=\"canonical\" href=\"https:\/\/fev.org.ar\/2021\/2-introduccion-y-agradecimientos\/\" \/>\n<meta property=\"og:locale\" content=\"es_ES\" \/>\n<meta property=\"og:type\" content=\"article\" \/>\n<meta property=\"og:title\" content=\"2. Introducci\u00f3n y agradecimientos &ndash; Fev 30 a\u00f1os | Revista\" \/>\n<meta property=\"og:description\" content=\"Introducci\u00f3n y agradecimientos Introducci\u00f3n y agradecimientos Han pasado tres d\u00e9cadas desde que se cre\u00f3 la Fundaci\u00f3n Espacios Verdes, muy conocida como \u201cla FEV\u201d, con un objetivo: mejorar la calidad de vida del ser humano en armon\u00eda con la naturaleza. Sin conocer exactamente sobre el tema, los fundadores quisieron plasmar ese sue\u00f1o colectivo de \u201cun mundo [&hellip;]\" \/>\n<meta property=\"og:url\" content=\"https:\/\/fev.org.ar\/2021\/2-introduccion-y-agradecimientos\/\" \/>\n<meta property=\"og:site_name\" content=\"Fev 30 a\u00f1os | Revista\" \/>\n<meta property=\"article:modified_time\" content=\"2021-10-16T01:28:29+00:00\" \/>\n<meta name=\"twitter:card\" content=\"summary_large_image\" \/>\n<meta name=\"twitter:label1\" content=\"Tiempo de lectura\" \/>\n\t<meta name=\"twitter:data1\" content=\"4 minutos\" \/>\n<script type=\"application\/ld+json\" class=\"yoast-schema-graph\">{\"@context\":\"https:\/\/schema.org\",\"@graph\":[{\"@type\":\"WebSite\",\"@id\":\"https:\/\/fev.org.ar\/2021\/#website\",\"url\":\"https:\/\/fev.org.ar\/2021\/\",\"name\":\"Fev 30 a\\u00f1os | Revista\",\"description\":\"Otro sitio realizado con WordPress\",\"potentialAction\":[{\"@type\":\"SearchAction\",\"target\":{\"@type\":\"EntryPoint\",\"urlTemplate\":\"https:\/\/fev.org.ar\/2021\/?s={search_term_string}\"},\"query-input\":\"required name=search_term_string\"}],\"inLanguage\":\"es-AR\"},{\"@type\":\"WebPage\",\"@id\":\"https:\/\/fev.org.ar\/2021\/2-introduccion-y-agradecimientos\/#webpage\",\"url\":\"https:\/\/fev.org.ar\/2021\/2-introduccion-y-agradecimientos\/\",\"name\":\"2. Introducci\\u00f3n y agradecimientos &ndash; Fev 30 a\\u00f1os | Revista\",\"isPartOf\":{\"@id\":\"https:\/\/fev.org.ar\/2021\/#website\"},\"datePublished\":\"2021-10-07T00:43:27+00:00\",\"dateModified\":\"2021-10-16T01:28:29+00:00\",\"breadcrumb\":{\"@id\":\"https:\/\/fev.org.ar\/2021\/2-introduccion-y-agradecimientos\/#breadcrumb\"},\"inLanguage\":\"es-AR\",\"potentialAction\":[{\"@type\":\"ReadAction\",\"target\":[\"https:\/\/fev.org.ar\/2021\/2-introduccion-y-agradecimientos\/\"]}]},{\"@type\":\"BreadcrumbList\",\"@id\":\"https:\/\/fev.org.ar\/2021\/2-introduccion-y-agradecimientos\/#breadcrumb\",\"itemListElement\":[{\"@type\":\"ListItem\",\"position\":1,\"name\":\"Inicio\",\"item\":\"https:\/\/fev.org.ar\/2021\/\"},{\"@type\":\"ListItem\",\"position\":2,\"name\":\"2. Introducci\\u00f3n y agradecimientos\"}]}]}<\/script>\n<!-- \/ Yoast SEO plugin. -->","yoast_head_json":{"title":"2. Introducci\u00f3n y agradecimientos &ndash; Fev 30 a\u00f1os | Revista","robots":{"index":"index","follow":"follow","max-snippet":"max-snippet:-1","max-image-preview":"max-image-preview:large","max-video-preview":"max-video-preview:-1"},"canonical":"https:\/\/fev.org.ar\/2021\/2-introduccion-y-agradecimientos\/","og_locale":"es_ES","og_type":"article","og_title":"2. Introducci\u00f3n y agradecimientos &ndash; Fev 30 a\u00f1os | Revista","og_description":"Introducci\u00f3n y agradecimientos Introducci\u00f3n y agradecimientos Han pasado tres d\u00e9cadas desde que se cre\u00f3 la Fundaci\u00f3n Espacios Verdes, muy conocida como \u201cla FEV\u201d, con un objetivo: mejorar la calidad de vida del ser humano en armon\u00eda con la naturaleza. Sin conocer exactamente sobre el tema, los fundadores quisieron plasmar ese sue\u00f1o colectivo de \u201cun mundo [&hellip;]","og_url":"https:\/\/fev.org.ar\/2021\/2-introduccion-y-agradecimientos\/","og_site_name":"Fev 30 a\u00f1os | Revista","article_modified_time":"2021-10-16T01:28:29+00:00","twitter_card":"summary_large_image","twitter_misc":{"Tiempo de lectura":"4 minutos"},"schema":{"@context":"https:\/\/schema.org","@graph":[{"@type":"WebSite","@id":"https:\/\/fev.org.ar\/2021\/#website","url":"https:\/\/fev.org.ar\/2021\/","name":"Fev 30 a\u00f1os | Revista","description":"Otro sitio realizado con WordPress","potentialAction":[{"@type":"SearchAction","target":{"@type":"EntryPoint","urlTemplate":"https:\/\/fev.org.ar\/2021\/?s={search_term_string}"},"query-input":"required name=search_term_string"}],"inLanguage":"es-AR"},{"@type":"WebPage","@id":"https:\/\/fev.org.ar\/2021\/2-introduccion-y-agradecimientos\/#webpage","url":"https:\/\/fev.org.ar\/2021\/2-introduccion-y-agradecimientos\/","name":"2. Introducci\u00f3n y agradecimientos &ndash; Fev 30 a\u00f1os | Revista","isPartOf":{"@id":"https:\/\/fev.org.ar\/2021\/#website"},"datePublished":"2021-10-07T00:43:27+00:00","dateModified":"2021-10-16T01:28:29+00:00","breadcrumb":{"@id":"https:\/\/fev.org.ar\/2021\/2-introduccion-y-agradecimientos\/#breadcrumb"},"inLanguage":"es-AR","potentialAction":[{"@type":"ReadAction","target":["https:\/\/fev.org.ar\/2021\/2-introduccion-y-agradecimientos\/"]}]},{"@type":"BreadcrumbList","@id":"https:\/\/fev.org.ar\/2021\/2-introduccion-y-agradecimientos\/#breadcrumb","itemListElement":[{"@type":"ListItem","position":1,"name":"Inicio","item":"https:\/\/fev.org.ar\/2021\/"},{"@type":"ListItem","position":2,"name":"2. Introducci\u00f3n y agradecimientos"}]}]}},"_links":{"self":[{"href":"https:\/\/fev.org.ar\/2021\/wp-json\/wp\/v2\/pages\/2125","targetHints":{"allow":["GET"]}}],"collection":[{"href":"https:\/\/fev.org.ar\/2021\/wp-json\/wp\/v2\/pages"}],"about":[{"href":"https:\/\/fev.org.ar\/2021\/wp-json\/wp\/v2\/types\/page"}],"author":[{"embeddable":true,"href":"https:\/\/fev.org.ar\/2021\/wp-json\/wp\/v2\/users\/1"}],"replies":[{"embeddable":true,"href":"https:\/\/fev.org.ar\/2021\/wp-json\/wp\/v2\/comments?post=2125"}],"version-history":[{"count":116,"href":"https:\/\/fev.org.ar\/2021\/wp-json\/wp\/v2\/pages\/2125\/revisions"}],"predecessor-version":[{"id":4533,"href":"https:\/\/fev.org.ar\/2021\/wp-json\/wp\/v2\/pages\/2125\/revisions\/4533"}],"wp:attachment":[{"href":"https:\/\/fev.org.ar\/2021\/wp-json\/wp\/v2\/media?parent=2125"}],"curies":[{"name":"wp","href":"https:\/\/api.w.org\/{rel}","templated":true}]}}