{"id":2621,"date":"2021-10-07T17:49:57","date_gmt":"2021-10-07T20:49:57","guid":{"rendered":"https:\/\/fev.org.ar\/2021\/?page_id=2621"},"modified":"2021-10-15T12:04:03","modified_gmt":"2021-10-15T15:04:03","slug":"instituto-genesis","status":"publish","type":"page","link":"https:\/\/fev.org.ar\/2021\/instituto-genesis\/","title":{"rendered":"Instituto G\u00e9nesis"},"content":{"rendered":"\t\t<div data-elementor-type=\"wp-page\" data-elementor-id=\"2621\" class=\"elementor elementor-2621\" data-elementor-settings=\"[]\">\n\t\t\t\t\t\t\t<div class=\"elementor-section-wrap\">\n\t\t\t\t\t\t\t<section class=\"elementor-section elementor-top-section elementor-element elementor-element-1191cce6 elementor-section-height-min-height elementor-section-items-stretch elementor-section-content-bottom elementor-section-boxed elementor-section-height-default\" data-id=\"1191cce6\" data-element_type=\"section\">\n\t\t\t\t\t\t<div class=\"elementor-container elementor-column-gap-no\">\n\t\t\t\t\t<div class=\"elementor-column elementor-col-50 elementor-top-column elementor-element elementor-element-3b73ad4f\" data-id=\"3b73ad4f\" data-element_type=\"column\" data-settings=\"{&quot;background_background&quot;:&quot;classic&quot;}\">\n\t\t\t<div class=\"elementor-widget-wrap elementor-element-populated\">\n\t\t\t\t\t\t\t\t<div class=\"elementor-element elementor-element-562ae4f9 elementor-widget elementor-widget-breadcrumbs\" data-id=\"562ae4f9\" data-element_type=\"widget\" data-widget_type=\"breadcrumbs.default\">\n\t\t\t\t<div class=\"elementor-widget-container\">\n\t\t\t<p id=\"breadcrumbs\"><span><span><a href=\"https:\/\/fev.org.ar\/2021\/\">Inicio<\/a><\/span><\/p>\t\t<\/div>\n\t\t\t\t<\/div>\n\t\t\t\t<div class=\"elementor-element elementor-element-390b6331 elementor-widget elementor-widget-heading\" data-id=\"390b6331\" data-element_type=\"widget\" data-widget_type=\"heading.default\">\n\t\t\t\t<div class=\"elementor-widget-container\">\n\t\t\t<h2 class=\"elementor-heading-title elementor-size-default\">Instituto G\u00e9nesis <\/h2>\t\t<\/div>\n\t\t\t\t<\/div>\n\t\t\t\t<div class=\"elementor-element elementor-element-79466a7c elementor-widget elementor-widget-heading\" data-id=\"79466a7c\" data-element_type=\"widget\" data-widget_type=\"heading.default\">\n\t\t\t\t<div class=\"elementor-widget-container\">\n\t\t\t<h2 class=\"elementor-heading-title elementor-size-default\"> El camino hacia una Escuela Verde  \n<\/h2>\t\t<\/div>\n\t\t\t\t<\/div>\n\t\t\t\t\t<\/div>\n\t\t<\/div>\n\t\t\t\t<div class=\"elementor-column elementor-col-50 elementor-top-column elementor-element elementor-element-5b2b3da3 elementor-hidden-tablet elementor-hidden-phone\" data-id=\"5b2b3da3\" data-element_type=\"column\">\n\t\t\t<div class=\"elementor-widget-wrap elementor-element-populated\">\n\t\t\t\t\t\t\t\t<div class=\"elementor-element elementor-element-40f42676 elementor-widget elementor-widget-image\" data-id=\"40f42676\" data-element_type=\"widget\" data-widget_type=\"image.default\">\n\t\t\t\t<div class=\"elementor-widget-container\">\n\t\t\t\t\t\t\t\t\t\t\t\t\t\t\t<img decoding=\"async\" src=\"https:\/\/fev.org.ar\/2021\/wp-content\/uploads\/2021\/09\/FB_IMG_1630090747484.jpg\" title=\"\" alt=\"\" \/>\t\t\t\t\t\t\t\t\t\t\t\t\t\t\t<\/div>\n\t\t\t\t<\/div>\n\t\t\t\t\t<\/div>\n\t\t<\/div>\n\t\t\t\t\t\t\t<\/div>\n\t\t<\/section>\n\t\t\t\t<section class=\"elementor-section elementor-top-section elementor-element elementor-element-188559c7 elementor-section-boxed elementor-section-height-default elementor-section-height-default\" data-id=\"188559c7\" data-element_type=\"section\">\n\t\t\t\t\t\t<div class=\"elementor-container elementor-column-gap-default\">\n\t\t\t\t\t<div class=\"elementor-column elementor-col-100 elementor-top-column elementor-element elementor-element-14c366e3 elementor-hidden-tablet elementor-hidden-phone\" data-id=\"14c366e3\" data-element_type=\"column\">\n\t\t\t<div class=\"elementor-widget-wrap elementor-element-populated\">\n\t\t\t\t\t\t\t\t<div class=\"elementor-element elementor-element-4495b55b elementor-widget elementor-widget-spacer\" data-id=\"4495b55b\" data-element_type=\"widget\" data-widget_type=\"spacer.default\">\n\t\t\t\t<div class=\"elementor-widget-container\">\n\t\t\t\t\t<div class=\"elementor-spacer\">\n\t\t\t<div class=\"elementor-spacer-inner\"><\/div>\n\t\t<\/div>\n\t\t\t\t<\/div>\n\t\t\t\t<\/div>\n\t\t\t\t\t<\/div>\n\t\t<\/div>\n\t\t\t\t\t\t\t<\/div>\n\t\t<\/section>\n\t\t\t\t<section class=\"elementor-section elementor-top-section elementor-element elementor-element-1d6f69a3 elementor-section-boxed elementor-section-height-default elementor-section-height-default\" data-id=\"1d6f69a3\" data-element_type=\"section\">\n\t\t\t\t\t\t<div class=\"elementor-container elementor-column-gap-default\">\n\t\t\t\t\t<div class=\"elementor-column elementor-col-50 elementor-top-column elementor-element elementor-element-273015e0\" data-id=\"273015e0\" data-element_type=\"column\">\n\t\t\t<div class=\"elementor-widget-wrap elementor-element-populated\">\n\t\t\t\t\t\t\t\t<div class=\"elementor-element elementor-element-7fa36d19 elementor-widget elementor-widget-text-editor\" data-id=\"7fa36d19\" data-element_type=\"widget\" data-widget_type=\"text-editor.default\">\n\t\t\t\t<div class=\"elementor-widget-container\">\n\t\t\t\t\t\t\t<p><span style=\"font-weight: 400;\">El Instituto G\u00e9nesis es una escuela de recuperaci\u00f3n y educaci\u00f3n especial de la Ciudad de\u00a0 Buenos Aires, ubicada en el barrio de Villa Crespo. Somos adem\u00e1s \u201cEscuela Verde\u201d.\u00a0 Signific\u00f3 haber transitado por los distintos Lazos I, II, III, IV e incluso en el a\u00f1o 2020\u00a0 ratificamos el Lazo IV.\u00a0\u00a0<\/span><\/p>\t\t\t\t\t\t<\/div>\n\t\t\t\t<\/div>\n\t\t\t\t<div class=\"elementor-element elementor-element-4f248829 elementor-widget elementor-widget-text-editor\" data-id=\"4f248829\" data-element_type=\"widget\" data-widget_type=\"text-editor.default\">\n\t\t\t\t<div class=\"elementor-widget-container\">\n\t\t\t\t\t\t\t<p><span style=\"font-weight: 400;\">Este trayecto ha generado en toda nuestra comunidad educativa crear conciencia y\u00a0 estimular aprendizajes sobre la importancia del cuidado de nuestro medio ambiente, no\u00a0 solo como espectadores sino como actores del cambio, proponi\u00e9ndonos formular\u00a0 experiencias significativas, con el fin de construir una ciudadan\u00eda m\u00e1s comprometida y\u00a0 responsable con el medio ambiente.\u00a0\u00a0<\/span><\/p><p><span style=\"font-weight: 400;\">Comenzando por el reciclado de la basura, gestionamos que nuestras aulas y espacios en\u00a0 com\u00fan cuenten con cestos para tal fin sumado a que incorporamos la instalaci\u00f3n de un\u00a0 t\u00f3tem para el reciclado de papel y cart\u00f3n.\u00a0\u00a0<\/span><\/p><p><span style=\"font-weight: 400;\">Pensamos que es interesante que los j\u00f3venes comprendan el para qu\u00e9 es importante\u00a0 reciclar la basura y as\u00ed es que pusimos en marcha el proyecto llamado: \u201cEl cuidado de\u00a0 nuestras mascotas\u201d. Nuestro objetivo fue fabricar cuchas de perro reutilizando elementos\u00a0 que todos tenemos en nuestras casas y que luego ser\u00edan arrojados a la basura, tales como cajas de leche y bolsas de alimento balanceado. El armado de las cuchas fue donado a un\u00a0 refugio de animales que contactamos.\u00a0<\/span><\/p><p><span style=\"font-weight: 400;\">En la terraza de nuestra escuela se han colocado paneles solares para aprovechar la\u00a0 energ\u00eda natural que nos brinda el sol. Tambi\u00e9n en este mismo espacio nos propusimos el\u00a0 desaf\u00edo de llevar a cabo una huerta org\u00e1nica siendo que es la nuestra una escuela \u201cseca\u201d\u00a0 en el sentido que no poseemos ning\u00fan cantero o sector de tierra donde poder desarrollar la\u00a0 huerta.\u00a0<\/span><\/p>\t\t\t\t\t\t<\/div>\n\t\t\t\t<\/div>\n\t\t\t\t<div class=\"elementor-element elementor-element-295df596 elementor-widget elementor-widget-gallery\" data-id=\"295df596\" data-element_type=\"widget\" data-settings=\"{&quot;columns&quot;:3,&quot;lazyload&quot;:&quot;yes&quot;,&quot;gallery_layout&quot;:&quot;grid&quot;,&quot;columns_tablet&quot;:2,&quot;columns_mobile&quot;:1,&quot;gap&quot;:{&quot;unit&quot;:&quot;px&quot;,&quot;size&quot;:10,&quot;sizes&quot;:[]},&quot;gap_tablet&quot;:{&quot;unit&quot;:&quot;px&quot;,&quot;size&quot;:10,&quot;sizes&quot;:[]},&quot;gap_mobile&quot;:{&quot;unit&quot;:&quot;px&quot;,&quot;size&quot;:10,&quot;sizes&quot;:[]},&quot;aspect_ratio&quot;:&quot;3:2&quot;,&quot;overlay_background&quot;:&quot;yes&quot;,&quot;content_hover_animation&quot;:&quot;fade-in&quot;}\" data-widget_type=\"gallery.default\">\n\t\t\t\t<div class=\"elementor-widget-container\">\n\t\t\t\t\t<div class=\"elementor-gallery__container\">\n\t\t\t\t\t\t\t<div class=\"e-gallery-item elementor-gallery-item elementor-animated-content\">\n\t\t\t\t\t<div class=\"e-gallery-image elementor-gallery-item__image\" data-thumbnail=\"https:\/\/fev.org.ar\/2021\/wp-content\/uploads\/2021\/10\/genesis_3-300x225.png\" data-width=\"300\" data-height=\"225\" alt=\"\" ><\/div>\n\t\t\t\t\t\t\t\t\t\t<div class=\"elementor-gallery-item__overlay\"><\/div>\n\t\t\t\t\t\t\t\t\t\t\t\t\t\t<\/div>\n\t\t\t\t\t\t\t<div class=\"e-gallery-item elementor-gallery-item elementor-animated-content\">\n\t\t\t\t\t<div class=\"e-gallery-image elementor-gallery-item__image\" data-thumbnail=\"https:\/\/fev.org.ar\/2021\/wp-content\/uploads\/2021\/10\/Genesis-300x211.png\" data-width=\"300\" data-height=\"211\" alt=\"\" ><\/div>\n\t\t\t\t\t\t\t\t\t\t<div class=\"elementor-gallery-item__overlay\"><\/div>\n\t\t\t\t\t\t\t\t\t\t\t\t\t\t<\/div>\n\t\t\t\t\t<\/div>\n\t\t\t<\/div>\n\t\t\t\t<\/div>\n\t\t\t\t<div class=\"elementor-element elementor-element-28a857d elementor-widget elementor-widget-text-editor\" data-id=\"28a857d\" data-element_type=\"widget\" data-widget_type=\"text-editor.default\">\n\t\t\t\t<div class=\"elementor-widget-container\">\n\t\t\t\t\t\t\t<p><span style=\"font-weight: 400;\">La huerta en la escuela es un espacio que permite a docentes y alumnos\/as aprender y\u00a0 construir conocimiento en torno a las Ciencias Naturales, desde una mirada cr\u00edtica y\u00a0 reflexiva vinculada a la Educaci\u00f3n Ambiental y la Promoci\u00f3n de la Salud. Es valorable que\u00a0 la huerta produzca alimentos, pero no es el \u00fanico objetivo. En este mismo sentido, los\u00a0 alumnos incorporan los conocimientos b\u00e1sicos inherentes al cuidado de la huerta, pero m\u00e1s importante a\u00fan es que \u00e9sta contribuya como herramienta para ense\u00f1ar y aprender los\u00a0 contenidos curriculares.\u00a0<\/span><\/p><p><span style=\"font-weight: 400;\">Al ser una instituci\u00f3n educativa ubicada en un barrio bastante c\u00e9ntrico de la ciudad, la\u00a0 escuela no posee espacios verdes cercanos. Por otro lado, nuestro alumnado en su mayor\u00a0 parte, vive en departamentos. Es escaso el contacto directo que poseen con los procesos\u00a0 que la naturaleza despliega en la reproducci\u00f3n de plantas, en este caso frutihort\u00edcolas.\u00a0\u00a0<\/span><\/p><p><span style=\"font-weight: 400;\">La huerta escolar org\u00e1nica incentiva la sensibilidad e inter\u00e9s por los problemas ambientales\u00a0 y contribuye a desarrollar los valores, aptitudes y conocimientos enmarcados en la\u00a0 Educaci\u00f3n Ambiental. <\/span><span style=\"font-weight: 400;\">Desde Solbayres cuidamos el entorno y buscamos el m\u00e1ximo nivel de eficiencia ambiental en nuestra gesti\u00f3n, junto con un alto nivel de concientizaci\u00f3n a nuestros colaboradores sobre la importancia de incorporar ese criterio de sostenibilidad a su trabajo diario.<\/span><\/p><p><span style=\"font-weight: 400;\">Estamos comprometidos con la protecci\u00f3n medioambiental, que incluye la prevenci\u00f3n de la contaminaci\u00f3n y el uso sostenible de recursos. La gesti\u00f3n de residuos es clave en un ecosistema urbano y su alcance no se limita a la recolecci\u00f3n de residuos, somos transformadores culturales que ofrecemos una nueva manera de hacer las cosas respetando a las personas y al planeta.\u00a0<\/span><\/p><p><span style=\"font-weight: bold;\">Te invitamos a conocernos y seguinos en:<\/span><\/p>\t\t\t\t\t\t<\/div>\n\t\t\t\t<\/div>\n\t\t\t\t<div class=\"elementor-element elementor-element-11f0cefd e-grid-align-left elementor-shape-rounded elementor-grid-0 elementor-widget elementor-widget-social-icons\" data-id=\"11f0cefd\" data-element_type=\"widget\" data-widget_type=\"social-icons.default\">\n\t\t\t\t<div class=\"elementor-widget-container\">\n\t\t\t\t\t<div class=\"elementor-social-icons-wrapper elementor-grid\">\n\t\t\t\t\t\t\t<span class=\"elementor-grid-item\">\n\t\t\t\t\t<a class=\"elementor-icon elementor-social-icon elementor-social-icon-facebook elementor-repeater-item-143e5ed\" href=\"https:\/\/www.facebook.com\/institutogenesis.org\" target=\"_blank\">\n\t\t\t\t\t\t<span class=\"elementor-screen-only\">Facebook<\/span>\n\t\t\t\t\t\t<i class=\"fab fa-facebook\"><\/i>\t\t\t\t\t<\/a>\n\t\t\t\t<\/span>\n\t\t\t\t\t\t\t<span class=\"elementor-grid-item\">\n\t\t\t\t\t<a class=\"elementor-icon elementor-social-icon elementor-social-icon-wordpress elementor-repeater-item-53fde01\" href=\"http:\/\/www.institutogenesis.org\/\" target=\"_blank\">\n\t\t\t\t\t\t<span class=\"elementor-screen-only\">WordPress<\/span>\n\t\t\t\t\t\t<i class=\"fab fa-wordpress\"><\/i>\t\t\t\t\t<\/a>\n\t\t\t\t<\/span>\n\t\t\t\t\t<\/div>\n\t\t\t\t<\/div>\n\t\t\t\t<\/div>\n\t\t\t\t\t<\/div>\n\t\t<\/div>\n\t\t\t\t<div class=\"elementor-column elementor-col-50 elementor-top-column elementor-element elementor-element-6ac3777 elementor-hidden-tablet elementor-hidden-phone\" data-id=\"6ac3777\" data-element_type=\"column\">\n\t\t\t<div class=\"elementor-widget-wrap elementor-element-populated\">\n\t\t\t\t\t\t\t\t<div class=\"elementor-element elementor-element-7ce5fb05 elementor-widget elementor-widget-image\" data-id=\"7ce5fb05\" data-element_type=\"widget\" data-widget_type=\"image.default\">\n\t\t\t\t<div class=\"elementor-widget-container\">\n\t\t\t\t\t\t\t\t\t\t\t\t\t\t\t<img loading=\"lazy\" decoding=\"async\" width=\"300\" height=\"300\" src=\"https:\/\/fev.org.ar\/2021\/wp-content\/uploads\/2021\/09\/Anuncio_genesis.jpg\" class=\"attachment-large size-large\" alt=\"INSTITUTO G\u00c9NESIS\" srcset=\"https:\/\/fev.org.ar\/2021\/wp-content\/uploads\/2021\/09\/Anuncio_genesis.jpg 300w, https:\/\/fev.org.ar\/2021\/wp-content\/uploads\/2021\/09\/Anuncio_genesis-150x150.jpg 150w\" sizes=\"auto, (max-width: 300px) 100vw, 300px\" \/>\t\t\t\t\t\t\t\t\t\t\t\t\t\t\t<\/div>\n\t\t\t\t<\/div>\n\t\t\t\t\t<\/div>\n\t\t<\/div>\n\t\t\t\t\t\t\t<\/div>\n\t\t<\/section>\n\t\t\t\t\t\t<\/div>\n\t\t\t\t\t<\/div>\n\t\t","protected":false},"excerpt":{"rendered":"<p>Instituto G\u00e9nesis El camino hacia una Escuela Verde El Instituto G\u00e9nesis es una escuela de recuperaci\u00f3n y educaci\u00f3n especial de la Ciudad de\u00a0 Buenos Aires, ubicada en el barrio de Villa Crespo. Somos adem\u00e1s \u201cEscuela Verde\u201d.\u00a0 Signific\u00f3 haber transitado por los distintos Lazos I, II, III, IV e incluso en el a\u00f1o 2020\u00a0 ratificamos el [&hellip;]<\/p>\n","protected":false},"author":1,"featured_media":0,"parent":0,"menu_order":0,"comment_status":"closed","ping_status":"closed","template":"elementor_header_footer","meta":{"footnotes":""},"class_list":["post-2621","page","type-page","status-publish","hentry"],"yoast_head":"<!-- This site is optimized with the Yoast SEO plugin v17.3 - https:\/\/yoast.com\/wordpress\/plugins\/seo\/ -->\n<title>Instituto G\u00e9nesis &ndash; Fev 30 a\u00f1os | Revista<\/title>\n<meta name=\"robots\" content=\"index, follow, max-snippet:-1, max-image-preview:large, max-video-preview:-1\" \/>\n<link rel=\"canonical\" href=\"https:\/\/fev.org.ar\/2021\/instituto-genesis\/\" \/>\n<meta property=\"og:locale\" content=\"es_ES\" \/>\n<meta property=\"og:type\" content=\"article\" \/>\n<meta property=\"og:title\" content=\"Instituto G\u00e9nesis &ndash; Fev 30 a\u00f1os | Revista\" \/>\n<meta property=\"og:description\" content=\"Instituto G\u00e9nesis El camino hacia una Escuela Verde El Instituto G\u00e9nesis es una escuela de recuperaci\u00f3n y educaci\u00f3n especial de la Ciudad de\u00a0 Buenos Aires, ubicada en el barrio de Villa Crespo. Somos adem\u00e1s \u201cEscuela Verde\u201d.\u00a0 Signific\u00f3 haber transitado por los distintos Lazos I, II, III, IV e incluso en el a\u00f1o 2020\u00a0 ratificamos el [&hellip;]\" \/>\n<meta property=\"og:url\" content=\"https:\/\/fev.org.ar\/2021\/instituto-genesis\/\" \/>\n<meta property=\"og:site_name\" content=\"Fev 30 a\u00f1os | Revista\" \/>\n<meta property=\"article:modified_time\" content=\"2021-10-15T15:04:03+00:00\" \/>\n<meta property=\"og:image\" content=\"https:\/\/fev.org.ar\/2021\/wp-content\/uploads\/2021\/09\/FB_IMG_1630090747484.jpg\" \/>\n<meta name=\"twitter:card\" content=\"summary_large_image\" \/>\n<meta name=\"twitter:label1\" content=\"Tiempo de lectura\" \/>\n\t<meta name=\"twitter:data1\" content=\"3 minutos\" \/>\n<script type=\"application\/ld+json\" class=\"yoast-schema-graph\">{\"@context\":\"https:\/\/schema.org\",\"@graph\":[{\"@type\":\"WebSite\",\"@id\":\"https:\/\/fev.org.ar\/2021\/#website\",\"url\":\"https:\/\/fev.org.ar\/2021\/\",\"name\":\"Fev 30 a\\u00f1os | Revista\",\"description\":\"Otro sitio realizado con WordPress\",\"potentialAction\":[{\"@type\":\"SearchAction\",\"target\":{\"@type\":\"EntryPoint\",\"urlTemplate\":\"https:\/\/fev.org.ar\/2021\/?s={search_term_string}\"},\"query-input\":\"required name=search_term_string\"}],\"inLanguage\":\"es-AR\"},{\"@type\":\"ImageObject\",\"@id\":\"https:\/\/fev.org.ar\/2021\/instituto-genesis\/#primaryimage\",\"inLanguage\":\"es-AR\",\"url\":\"https:\/\/fev.org.ar\/2021\/wp-content\/uploads\/2021\/09\/FB_IMG_1630090747484.jpg\",\"contentUrl\":\"https:\/\/fev.org.ar\/2021\/wp-content\/uploads\/2021\/09\/FB_IMG_1630090747484.jpg\"},{\"@type\":\"WebPage\",\"@id\":\"https:\/\/fev.org.ar\/2021\/instituto-genesis\/#webpage\",\"url\":\"https:\/\/fev.org.ar\/2021\/instituto-genesis\/\",\"name\":\"Instituto G\\u00e9nesis &ndash; Fev 30 a\\u00f1os | Revista\",\"isPartOf\":{\"@id\":\"https:\/\/fev.org.ar\/2021\/#website\"},\"primaryImageOfPage\":{\"@id\":\"https:\/\/fev.org.ar\/2021\/instituto-genesis\/#primaryimage\"},\"datePublished\":\"2021-10-07T20:49:57+00:00\",\"dateModified\":\"2021-10-15T15:04:03+00:00\",\"breadcrumb\":{\"@id\":\"https:\/\/fev.org.ar\/2021\/instituto-genesis\/#breadcrumb\"},\"inLanguage\":\"es-AR\",\"potentialAction\":[{\"@type\":\"ReadAction\",\"target\":[\"https:\/\/fev.org.ar\/2021\/instituto-genesis\/\"]}]},{\"@type\":\"BreadcrumbList\",\"@id\":\"https:\/\/fev.org.ar\/2021\/instituto-genesis\/#breadcrumb\",\"itemListElement\":[{\"@type\":\"ListItem\",\"position\":1,\"name\":\"Inicio\",\"item\":\"https:\/\/fev.org.ar\/2021\/\"},{\"@type\":\"ListItem\",\"position\":2,\"name\":\"Instituto G\\u00e9nesis\"}]}]}<\/script>\n<!-- \/ Yoast SEO plugin. -->","yoast_head_json":{"title":"Instituto G\u00e9nesis &ndash; Fev 30 a\u00f1os | Revista","robots":{"index":"index","follow":"follow","max-snippet":"max-snippet:-1","max-image-preview":"max-image-preview:large","max-video-preview":"max-video-preview:-1"},"canonical":"https:\/\/fev.org.ar\/2021\/instituto-genesis\/","og_locale":"es_ES","og_type":"article","og_title":"Instituto G\u00e9nesis &ndash; Fev 30 a\u00f1os | Revista","og_description":"Instituto G\u00e9nesis El camino hacia una Escuela Verde El Instituto G\u00e9nesis es una escuela de recuperaci\u00f3n y educaci\u00f3n especial de la Ciudad de\u00a0 Buenos Aires, ubicada en el barrio de Villa Crespo. Somos adem\u00e1s \u201cEscuela Verde\u201d.\u00a0 Signific\u00f3 haber transitado por los distintos Lazos I, II, III, IV e incluso en el a\u00f1o 2020\u00a0 ratificamos el [&hellip;]","og_url":"https:\/\/fev.org.ar\/2021\/instituto-genesis\/","og_site_name":"Fev 30 a\u00f1os | Revista","article_modified_time":"2021-10-15T15:04:03+00:00","og_image":[{"url":"https:\/\/fev.org.ar\/2021\/wp-content\/uploads\/2021\/09\/FB_IMG_1630090747484.jpg"}],"twitter_card":"summary_large_image","twitter_misc":{"Tiempo de lectura":"3 minutos"},"schema":{"@context":"https:\/\/schema.org","@graph":[{"@type":"WebSite","@id":"https:\/\/fev.org.ar\/2021\/#website","url":"https:\/\/fev.org.ar\/2021\/","name":"Fev 30 a\u00f1os | Revista","description":"Otro sitio realizado con WordPress","potentialAction":[{"@type":"SearchAction","target":{"@type":"EntryPoint","urlTemplate":"https:\/\/fev.org.ar\/2021\/?s={search_term_string}"},"query-input":"required name=search_term_string"}],"inLanguage":"es-AR"},{"@type":"ImageObject","@id":"https:\/\/fev.org.ar\/2021\/instituto-genesis\/#primaryimage","inLanguage":"es-AR","url":"https:\/\/fev.org.ar\/2021\/wp-content\/uploads\/2021\/09\/FB_IMG_1630090747484.jpg","contentUrl":"https:\/\/fev.org.ar\/2021\/wp-content\/uploads\/2021\/09\/FB_IMG_1630090747484.jpg"},{"@type":"WebPage","@id":"https:\/\/fev.org.ar\/2021\/instituto-genesis\/#webpage","url":"https:\/\/fev.org.ar\/2021\/instituto-genesis\/","name":"Instituto G\u00e9nesis &ndash; Fev 30 a\u00f1os | Revista","isPartOf":{"@id":"https:\/\/fev.org.ar\/2021\/#website"},"primaryImageOfPage":{"@id":"https:\/\/fev.org.ar\/2021\/instituto-genesis\/#primaryimage"},"datePublished":"2021-10-07T20:49:57+00:00","dateModified":"2021-10-15T15:04:03+00:00","breadcrumb":{"@id":"https:\/\/fev.org.ar\/2021\/instituto-genesis\/#breadcrumb"},"inLanguage":"es-AR","potentialAction":[{"@type":"ReadAction","target":["https:\/\/fev.org.ar\/2021\/instituto-genesis\/"]}]},{"@type":"BreadcrumbList","@id":"https:\/\/fev.org.ar\/2021\/instituto-genesis\/#breadcrumb","itemListElement":[{"@type":"ListItem","position":1,"name":"Inicio","item":"https:\/\/fev.org.ar\/2021\/"},{"@type":"ListItem","position":2,"name":"Instituto G\u00e9nesis"}]}]}},"_links":{"self":[{"href":"https:\/\/fev.org.ar\/2021\/wp-json\/wp\/v2\/pages\/2621","targetHints":{"allow":["GET"]}}],"collection":[{"href":"https:\/\/fev.org.ar\/2021\/wp-json\/wp\/v2\/pages"}],"about":[{"href":"https:\/\/fev.org.ar\/2021\/wp-json\/wp\/v2\/types\/page"}],"author":[{"embeddable":true,"href":"https:\/\/fev.org.ar\/2021\/wp-json\/wp\/v2\/users\/1"}],"replies":[{"embeddable":true,"href":"https:\/\/fev.org.ar\/2021\/wp-json\/wp\/v2\/comments?post=2621"}],"version-history":[{"count":10,"href":"https:\/\/fev.org.ar\/2021\/wp-json\/wp\/v2\/pages\/2621\/revisions"}],"predecessor-version":[{"id":4155,"href":"https:\/\/fev.org.ar\/2021\/wp-json\/wp\/v2\/pages\/2621\/revisions\/4155"}],"wp:attachment":[{"href":"https:\/\/fev.org.ar\/2021\/wp-json\/wp\/v2\/media?parent=2621"}],"curies":[{"name":"wp","href":"https:\/\/api.w.org\/{rel}","templated":true}]}}