{"id":3799,"date":"2021-10-14T13:55:14","date_gmt":"2021-10-14T16:55:14","guid":{"rendered":"https:\/\/fev.org.ar\/2021\/?page_id=3799"},"modified":"2021-10-17T21:09:26","modified_gmt":"2021-10-18T00:09:26","slug":"home-2","status":"publish","type":"page","link":"https:\/\/fev.org.ar\/2021\/","title":{"rendered":"Home"},"content":{"rendered":"\t\t<div data-elementor-type=\"wp-page\" data-elementor-id=\"3799\" class=\"elementor elementor-3799\" data-elementor-settings=\"[]\">\n\t\t\t\t\t\t\t<div class=\"elementor-section-wrap\">\n\t\t\t\t\t\t\t<section class=\"elementor-section elementor-top-section elementor-element elementor-element-4f329c0e elementor-section-content-middle elementor-section-height-full elementor-section-boxed elementor-section-height-default elementor-section-items-middle\" data-id=\"4f329c0e\" data-element_type=\"section\" data-settings=\"{&quot;background_background&quot;:&quot;classic&quot;}\">\n\t\t\t\t\t\t\t<div class=\"elementor-background-overlay\"><\/div>\n\t\t\t\t\t\t\t<div class=\"elementor-container elementor-column-gap-wider\">\n\t\t\t\t\t<div class=\"elementor-column elementor-col-33 elementor-top-column elementor-element elementor-element-1f5d99d8\" data-id=\"1f5d99d8\" data-element_type=\"column\">\n\t\t\t<div class=\"elementor-widget-wrap elementor-element-populated\">\n\t\t\t\t\t\t\t\t<div class=\"elementor-element elementor-element-be214db elementor-widget elementor-widget-theme-site-logo elementor-widget-image\" data-id=\"be214db\" data-element_type=\"widget\" data-widget_type=\"theme-site-logo.default\">\n\t\t\t\t<div class=\"elementor-widget-container\">\n\t\t\t\t\t\t\t\t\t\t\t\t\t\t\t\t<a href=\"https:\/\/fev.org.ar\/2021\">\n\t\t\t\t\t\t\t<img loading=\"lazy\" decoding=\"async\" width=\"349\" height=\"219\" src=\"https:\/\/fev.org.ar\/2021\/wp-content\/uploads\/2021\/10\/cropped-FEV-_Original.png\" class=\"attachment-full size-full\" alt=\"\" srcset=\"https:\/\/fev.org.ar\/2021\/wp-content\/uploads\/2021\/10\/cropped-FEV-_Original.png 349w, https:\/\/fev.org.ar\/2021\/wp-content\/uploads\/2021\/10\/cropped-FEV-_Original-300x188.png 300w\" sizes=\"auto, (max-width: 349px) 100vw, 349px\" \/>\t\t\t\t\t\t\t\t<\/a>\n\t\t\t\t\t\t\t\t\t\t\t\t\t\t\t<\/div>\n\t\t\t\t<\/div>\n\t\t\t\t<div class=\"elementor-element elementor-element-0afad14 elementor-hidden-desktop elementor-widget elementor-widget-heading\" data-id=\"0afad14\" data-element_type=\"widget\" data-widget_type=\"heading.default\">\n\t\t\t\t<div class=\"elementor-widget-container\">\n\t\t\t<div class=\"elementor-heading-title elementor-size-default\">Bienvenidos a  la Revista  30 Aniversario de la Fev<\/div>\t\t<\/div>\n\t\t\t\t<\/div>\n\t\t\t\t<div class=\"elementor-element elementor-element-436b031 elementor-hidden-tablet elementor-hidden-mobile elementor-widget elementor-widget-heading\" data-id=\"436b031\" data-element_type=\"widget\" data-widget_type=\"heading.default\">\n\t\t\t\t<div class=\"elementor-widget-container\">\n\t\t\t<div class=\"elementor-heading-title elementor-size-default\">Bienvenidos a  la Revista  30 Aniversario de la Fev<\/div>\t\t<\/div>\n\t\t\t\t<\/div>\n\t\t\t\t<div class=\"elementor-element elementor-element-4041f587 elementor-widget elementor-widget-text-editor\" data-id=\"4041f587\" data-element_type=\"widget\" data-widget_type=\"text-editor.default\">\n\t\t\t\t<div class=\"elementor-widget-container\">\n\t\t\t\t\t\t\t<p>A trav\u00e9s de sus p\u00e1ginas acceder\u00e1s a nuestro recorrido a lo largo de estas tres d\u00e9cadas. Esperamos que sea tan grato leerla como lo fue para nosotras y nosotros realizarla.<\/p>\t\t\t\t\t\t<\/div>\n\t\t\t\t<\/div>\n\t\t\t\t\t<\/div>\n\t\t<\/div>\n\t\t\t\t<div class=\"elementor-column elementor-col-66 elementor-top-column elementor-element elementor-element-228d3310\" data-id=\"228d3310\" data-element_type=\"column\">\n\t\t\t<div class=\"elementor-widget-wrap elementor-element-populated\">\n\t\t\t\t\t\t\t\t<section class=\"elementor-section elementor-inner-section elementor-element elementor-element-5e2c943 elementor-section-boxed elementor-section-height-default elementor-section-height-default\" data-id=\"5e2c943\" data-element_type=\"section\">\n\t\t\t\t\t\t<div class=\"elementor-container elementor-column-gap-default\">\n\t\t\t\t\t<div class=\"elementor-column elementor-col-50 elementor-inner-column elementor-element elementor-element-60b9f7e\" data-id=\"60b9f7e\" data-element_type=\"column\" data-settings=\"{&quot;background_background&quot;:&quot;classic&quot;}\">\n\t\t\t<div class=\"elementor-widget-wrap elementor-element-populated\">\n\t\t\t\t\t\t\t\t<div class=\"elementor-element elementor-element-97a0165 elementor-vertical-align-middle elementor-position-top elementor-widget elementor-widget-image-box\" data-id=\"97a0165\" data-element_type=\"widget\" data-widget_type=\"image-box.default\">\n\t\t\t\t<div class=\"elementor-widget-container\">\n\t\t\t<div class=\"elementor-image-box-wrapper\"><figure class=\"elementor-image-box-img\"><img loading=\"lazy\" decoding=\"async\" width=\"400\" height=\"294\" src=\"https:\/\/fev.org.ar\/2021\/wp-content\/uploads\/2021\/10\/Revista_Digital.png\" class=\"attachment-full size-full\" alt=\"\" \/><\/figure><div class=\"elementor-image-box-content\"><h3 class=\"elementor-image-box-title\">Formato digital<\/h3><\/div><\/div>\t\t<\/div>\n\t\t\t\t<\/div>\n\t\t\t\t<div class=\"elementor-element elementor-element-3ed834d elementor-align-center elementor-widget elementor-widget-button\" data-id=\"3ed834d\" data-element_type=\"widget\" data-widget_type=\"button.default\">\n\t\t\t\t<div class=\"elementor-widget-container\">\n\t\t\t\t\t<div class=\"elementor-button-wrapper\">\n\t\t\t<a href=\"https:\/\/fev.org.ar\/2021\/30-anos-fev-sumario\/\" class=\"elementor-button-link elementor-button elementor-size-sm\" role=\"button\">\n\t\t\t\t\t\t<span class=\"elementor-button-content-wrapper\">\n\t\t\t\t\t\t<span class=\"elementor-button-icon elementor-align-icon-left\">\n\t\t\t\t<i aria-hidden=\"true\" class=\"fas fa-desktop\"><\/i>\t\t\t<\/span>\n\t\t\t\t\t\t<span class=\"elementor-button-text\">Digital<\/span>\n\t\t<\/span>\n\t\t\t\t\t<\/a>\n\t\t<\/div>\n\t\t\t\t<\/div>\n\t\t\t\t<\/div>\n\t\t\t\t\t<\/div>\n\t\t<\/div>\n\t\t\t\t<div class=\"elementor-column elementor-col-50 elementor-inner-column elementor-element elementor-element-27806c3\" data-id=\"27806c3\" data-element_type=\"column\" data-settings=\"{&quot;background_background&quot;:&quot;classic&quot;}\">\n\t\t\t<div class=\"elementor-widget-wrap elementor-element-populated\">\n\t\t\t\t\t\t\t\t<div class=\"elementor-element elementor-element-3e66f7a elementor-vertical-align-middle elementor-position-top elementor-widget elementor-widget-image-box\" data-id=\"3e66f7a\" data-element_type=\"widget\" data-widget_type=\"image-box.default\">\n\t\t\t\t<div class=\"elementor-widget-container\">\n\t\t\t<div class=\"elementor-image-box-wrapper\"><figure class=\"elementor-image-box-img\"><img loading=\"lazy\" decoding=\"async\" width=\"400\" height=\"294\" src=\"https:\/\/fev.org.ar\/2021\/wp-content\/uploads\/2021\/10\/Revista_Imp-1.png\" class=\"attachment-full size-full\" alt=\"\" \/><\/figure><div class=\"elementor-image-box-content\"><h3 class=\"elementor-image-box-title\">Formato PDF <\/h3><\/div><\/div>\t\t<\/div>\n\t\t\t\t<\/div>\n\t\t\t\t<div class=\"elementor-element elementor-element-bf73050 elementor-align-center elementor-widget elementor-widget-button\" data-id=\"bf73050\" data-element_type=\"widget\" data-widget_type=\"button.default\">\n\t\t\t\t<div class=\"elementor-widget-container\">\n\t\t\t\t\t<div class=\"elementor-button-wrapper\">\n\t\t\t<a href=\"#elementor-action%3Aaction%3Dpopup%3Aopen%26settings%3DeyJpZCI6IjMyODUiLCJ0b2dnbGUiOmZhbHNlfQ%3D%3D\" class=\"elementor-button-link elementor-button elementor-size-sm\" role=\"button\">\n\t\t\t\t\t\t<span class=\"elementor-button-content-wrapper\">\n\t\t\t\t\t\t<span class=\"elementor-button-icon elementor-align-icon-left\">\n\t\t\t\t<i aria-hidden=\"true\" class=\"fas fa-file-download\"><\/i>\t\t\t<\/span>\n\t\t\t\t\t\t<span class=\"elementor-button-text\">Revista <\/span>\n\t\t<\/span>\n\t\t\t\t\t<\/a>\n\t\t<\/div>\n\t\t\t\t<\/div>\n\t\t\t\t<\/div>\n\t\t\t\t\t<\/div>\n\t\t<\/div>\n\t\t\t\t\t\t\t<\/div>\n\t\t<\/section>\n\t\t\t\t\t<\/div>\n\t\t<\/div>\n\t\t\t\t\t\t\t<\/div>\n\t\t<\/section>\n\t\t\t\t\t\t<\/div>\n\t\t\t\t\t<\/div>\n\t\t","protected":false},"excerpt":{"rendered":"<p>Bienvenidos a la Revista 30 Aniversario de la Fev Bienvenidos a la Revista 30 Aniversario de la Fev A trav\u00e9s de sus p\u00e1ginas acceder\u00e1s a nuestro recorrido a lo largo de estas tres d\u00e9cadas. Esperamos que sea tan grato leerla como lo fue para nosotras y nosotros realizarla. Formato digital Digital Formato PDF Revista<\/p>\n","protected":false},"author":1,"featured_media":0,"parent":0,"menu_order":0,"comment_status":"closed","ping_status":"closed","template":"elementor_canvas","meta":{"footnotes":""},"class_list":["post-3799","page","type-page","status-publish","hentry"],"yoast_head":"<!-- This site is optimized with the Yoast SEO plugin v17.3 - https:\/\/yoast.com\/wordpress\/plugins\/seo\/ -->\n<title>Home &ndash; Fev 30 a\u00f1os | Revista<\/title>\n<meta name=\"robots\" content=\"index, follow, max-snippet:-1, max-image-preview:large, max-video-preview:-1\" \/>\n<link rel=\"canonical\" href=\"https:\/\/fev.org.ar\/2021\/\" \/>\n<meta property=\"og:locale\" content=\"es_ES\" \/>\n<meta property=\"og:type\" content=\"article\" \/>\n<meta property=\"og:title\" content=\"Home &ndash; Fev 30 a\u00f1os | Revista\" \/>\n<meta property=\"og:description\" content=\"Bienvenidos a la Revista 30 Aniversario de la Fev Bienvenidos a la Revista 30 Aniversario de la Fev A trav\u00e9s de sus p\u00e1ginas acceder\u00e1s a nuestro recorrido a lo largo de estas tres d\u00e9cadas. Esperamos que sea tan grato leerla como lo fue para nosotras y nosotros realizarla. Formato digital Digital Formato PDF Revista\" \/>\n<meta property=\"og:url\" content=\"https:\/\/fev.org.ar\/2021\/\" \/>\n<meta property=\"og:site_name\" content=\"Fev 30 a\u00f1os | Revista\" \/>\n<meta property=\"article:modified_time\" content=\"2021-10-18T00:09:26+00:00\" \/>\n<meta property=\"og:image\" content=\"https:\/\/fev.org.ar\/2021\/wp-content\/uploads\/2021\/10\/Revista_Digital.png\" \/>\n<meta name=\"twitter:card\" content=\"summary_large_image\" \/>\n<meta name=\"twitter:label1\" content=\"Tiempo de lectura\" \/>\n\t<meta name=\"twitter:data1\" content=\"1 minuto\" \/>\n<script type=\"application\/ld+json\" class=\"yoast-schema-graph\">{\"@context\":\"https:\/\/schema.org\",\"@graph\":[{\"@type\":\"WebSite\",\"@id\":\"https:\/\/fev.org.ar\/2021\/#website\",\"url\":\"https:\/\/fev.org.ar\/2021\/\",\"name\":\"Fev 30 a\\u00f1os | Revista\",\"description\":\"Otro sitio realizado con WordPress\",\"potentialAction\":[{\"@type\":\"SearchAction\",\"target\":{\"@type\":\"EntryPoint\",\"urlTemplate\":\"https:\/\/fev.org.ar\/2021\/?s={search_term_string}\"},\"query-input\":\"required name=search_term_string\"}],\"inLanguage\":\"es-AR\"},{\"@type\":\"ImageObject\",\"@id\":\"https:\/\/fev.org.ar\/2021\/#primaryimage\",\"inLanguage\":\"es-AR\",\"url\":\"https:\/\/fev.org.ar\/2021\/wp-content\/uploads\/2021\/10\/Revista_Digital.png\",\"contentUrl\":\"https:\/\/fev.org.ar\/2021\/wp-content\/uploads\/2021\/10\/Revista_Digital.png\",\"width\":400,\"height\":294},{\"@type\":\"WebPage\",\"@id\":\"https:\/\/fev.org.ar\/2021\/#webpage\",\"url\":\"https:\/\/fev.org.ar\/2021\/\",\"name\":\"Home &ndash; Fev 30 a\\u00f1os | Revista\",\"isPartOf\":{\"@id\":\"https:\/\/fev.org.ar\/2021\/#website\"},\"primaryImageOfPage\":{\"@id\":\"https:\/\/fev.org.ar\/2021\/#primaryimage\"},\"datePublished\":\"2021-10-14T16:55:14+00:00\",\"dateModified\":\"2021-10-18T00:09:26+00:00\",\"breadcrumb\":{\"@id\":\"https:\/\/fev.org.ar\/2021\/#breadcrumb\"},\"inLanguage\":\"es-AR\",\"potentialAction\":[{\"@type\":\"ReadAction\",\"target\":[\"https:\/\/fev.org.ar\/2021\/\"]}]},{\"@type\":\"BreadcrumbList\",\"@id\":\"https:\/\/fev.org.ar\/2021\/#breadcrumb\",\"itemListElement\":[{\"@type\":\"ListItem\",\"position\":1,\"name\":\"Inicio\",\"item\":\"https:\/\/fev.org.ar\/2021\/\"},{\"@type\":\"ListItem\",\"position\":2,\"name\":\"Home\"}]}]}<\/script>\n<!-- \/ Yoast SEO plugin. -->","yoast_head_json":{"title":"Home &ndash; Fev 30 a\u00f1os | Revista","robots":{"index":"index","follow":"follow","max-snippet":"max-snippet:-1","max-image-preview":"max-image-preview:large","max-video-preview":"max-video-preview:-1"},"canonical":"https:\/\/fev.org.ar\/2021\/","og_locale":"es_ES","og_type":"article","og_title":"Home &ndash; Fev 30 a\u00f1os | Revista","og_description":"Bienvenidos a la Revista 30 Aniversario de la Fev Bienvenidos a la Revista 30 Aniversario de la Fev A trav\u00e9s de sus p\u00e1ginas acceder\u00e1s a nuestro recorrido a lo largo de estas tres d\u00e9cadas. Esperamos que sea tan grato leerla como lo fue para nosotras y nosotros realizarla. Formato digital Digital Formato PDF Revista","og_url":"https:\/\/fev.org.ar\/2021\/","og_site_name":"Fev 30 a\u00f1os | Revista","article_modified_time":"2021-10-18T00:09:26+00:00","og_image":[{"url":"https:\/\/fev.org.ar\/2021\/wp-content\/uploads\/2021\/10\/Revista_Digital.png"}],"twitter_card":"summary_large_image","twitter_misc":{"Tiempo de lectura":"1 minuto"},"schema":{"@context":"https:\/\/schema.org","@graph":[{"@type":"WebSite","@id":"https:\/\/fev.org.ar\/2021\/#website","url":"https:\/\/fev.org.ar\/2021\/","name":"Fev 30 a\u00f1os | Revista","description":"Otro sitio realizado con WordPress","potentialAction":[{"@type":"SearchAction","target":{"@type":"EntryPoint","urlTemplate":"https:\/\/fev.org.ar\/2021\/?s={search_term_string}"},"query-input":"required name=search_term_string"}],"inLanguage":"es-AR"},{"@type":"ImageObject","@id":"https:\/\/fev.org.ar\/2021\/#primaryimage","inLanguage":"es-AR","url":"https:\/\/fev.org.ar\/2021\/wp-content\/uploads\/2021\/10\/Revista_Digital.png","contentUrl":"https:\/\/fev.org.ar\/2021\/wp-content\/uploads\/2021\/10\/Revista_Digital.png","width":400,"height":294},{"@type":"WebPage","@id":"https:\/\/fev.org.ar\/2021\/#webpage","url":"https:\/\/fev.org.ar\/2021\/","name":"Home &ndash; Fev 30 a\u00f1os | Revista","isPartOf":{"@id":"https:\/\/fev.org.ar\/2021\/#website"},"primaryImageOfPage":{"@id":"https:\/\/fev.org.ar\/2021\/#primaryimage"},"datePublished":"2021-10-14T16:55:14+00:00","dateModified":"2021-10-18T00:09:26+00:00","breadcrumb":{"@id":"https:\/\/fev.org.ar\/2021\/#breadcrumb"},"inLanguage":"es-AR","potentialAction":[{"@type":"ReadAction","target":["https:\/\/fev.org.ar\/2021\/"]}]},{"@type":"BreadcrumbList","@id":"https:\/\/fev.org.ar\/2021\/#breadcrumb","itemListElement":[{"@type":"ListItem","position":1,"name":"Inicio","item":"https:\/\/fev.org.ar\/2021\/"},{"@type":"ListItem","position":2,"name":"Home"}]}]}},"_links":{"self":[{"href":"https:\/\/fev.org.ar\/2021\/wp-json\/wp\/v2\/pages\/3799","targetHints":{"allow":["GET"]}}],"collection":[{"href":"https:\/\/fev.org.ar\/2021\/wp-json\/wp\/v2\/pages"}],"about":[{"href":"https:\/\/fev.org.ar\/2021\/wp-json\/wp\/v2\/types\/page"}],"author":[{"embeddable":true,"href":"https:\/\/fev.org.ar\/2021\/wp-json\/wp\/v2\/users\/1"}],"replies":[{"embeddable":true,"href":"https:\/\/fev.org.ar\/2021\/wp-json\/wp\/v2\/comments?post=3799"}],"version-history":[{"count":112,"href":"https:\/\/fev.org.ar\/2021\/wp-json\/wp\/v2\/pages\/3799\/revisions"}],"predecessor-version":[{"id":4635,"href":"https:\/\/fev.org.ar\/2021\/wp-json\/wp\/v2\/pages\/3799\/revisions\/4635"}],"wp:attachment":[{"href":"https:\/\/fev.org.ar\/2021\/wp-json\/wp\/v2\/media?parent=3799"}],"curies":[{"name":"wp","href":"https:\/\/api.w.org\/{rel}","templated":true}]}}