{"id":782,"date":"2021-09-30T11:53:33","date_gmt":"2021-09-30T14:53:33","guid":{"rendered":"https:\/\/fev.org.ar\/2021\/?page_id=782"},"modified":"2021-10-15T21:33:02","modified_gmt":"2021-10-16T00:33:02","slug":"editorial","status":"publish","type":"page","link":"https:\/\/fev.org.ar\/2021\/editorial\/","title":{"rendered":"1. Editorial"},"content":{"rendered":"\t\t<div data-elementor-type=\"wp-page\" data-elementor-id=\"782\" class=\"elementor elementor-782\" data-elementor-settings=\"[]\">\n\t\t\t\t\t\t\t<div class=\"elementor-section-wrap\">\n\t\t\t\t\t\t\t<section class=\"elementor-section elementor-top-section elementor-element elementor-element-565410a6 elementor-section-content-middle elementor-section-height-full elementor-section-items-stretch elementor-section-full_width elementor-section-height-default\" data-id=\"565410a6\" data-element_type=\"section\" data-settings=\"{&quot;background_background&quot;:&quot;classic&quot;}\">\n\t\t\t\t\t\t\t<div class=\"elementor-background-overlay\"><\/div>\n\t\t\t\t\t\t\t<div class=\"elementor-container elementor-column-gap-no\">\n\t\t\t\t\t<div class=\"elementor-column elementor-col-50 elementor-top-column elementor-element elementor-element-12eb6a14\" data-id=\"12eb6a14\" data-element_type=\"column\" data-settings=\"{&quot;background_background&quot;:&quot;classic&quot;}\">\n\t\t\t<div class=\"elementor-widget-wrap elementor-element-populated\">\n\t\t\t\t\t<div class=\"elementor-background-overlay\"><\/div>\n\t\t\t\t\t\t\t\t<div class=\"elementor-element elementor-element-1340188 elementor-widget elementor-widget-spacer\" data-id=\"1340188\" data-element_type=\"widget\" data-widget_type=\"spacer.default\">\n\t\t\t\t<div class=\"elementor-widget-container\">\n\t\t\t\t\t<div class=\"elementor-spacer\">\n\t\t\t<div class=\"elementor-spacer-inner\"><\/div>\n\t\t<\/div>\n\t\t\t\t<\/div>\n\t\t\t\t<\/div>\n\t\t\t\t\t<\/div>\n\t\t<\/div>\n\t\t\t\t<div class=\"elementor-column elementor-col-50 elementor-top-column elementor-element elementor-element-57ee2369\" data-id=\"57ee2369\" data-element_type=\"column\" data-settings=\"{&quot;background_background&quot;:&quot;classic&quot;}\">\n\t\t\t<div class=\"elementor-widget-wrap elementor-element-populated\">\n\t\t\t\t\t<div class=\"elementor-background-overlay\"><\/div>\n\t\t\t\t\t\t\t\t<div class=\"elementor-element elementor-element-5e300ec elementor-mobile-align-left elementor-widget elementor-widget-breadcrumbs\" data-id=\"5e300ec\" data-element_type=\"widget\" data-widget_type=\"breadcrumbs.default\">\n\t\t\t\t<div class=\"elementor-widget-container\">\n\t\t\t<p id=\"breadcrumbs\"><span><span><a href=\"https:\/\/fev.org.ar\/2021\/\">Inicio<\/a><\/span><\/p>\t\t<\/div>\n\t\t\t\t<\/div>\n\t\t\t\t<div class=\"elementor-element elementor-element-7020a68 elementor-widget elementor-widget-heading\" data-id=\"7020a68\" data-element_type=\"widget\" data-widget_type=\"heading.default\">\n\t\t\t\t<div class=\"elementor-widget-container\">\n\t\t\t<h4 class=\"elementor-heading-title elementor-size-default\">Editorial\n<\/h4>\t\t<\/div>\n\t\t\t\t<\/div>\n\t\t\t\t<div class=\"elementor-element elementor-element-13ca1e3 elementor-widget elementor-widget-heading\" data-id=\"13ca1e3\" data-element_type=\"widget\" data-widget_type=\"heading.default\">\n\t\t\t\t<div class=\"elementor-widget-container\">\n\t\t\t<h4 class=\"elementor-heading-title elementor-size-default\">Bernardo Kliksberg<\/h4>\t\t<\/div>\n\t\t\t\t<\/div>\n\t\t\t\t<div class=\"elementor-element elementor-element-aca05f7 elementor-widget elementor-widget-text-editor\" data-id=\"aca05f7\" data-element_type=\"widget\" data-widget_type=\"text-editor.default\">\n\t\t\t\t<div class=\"elementor-widget-container\">\n\t\t\t\t\t\t\t<p>La Argentina debe estar muy orgullosa, de la Fundaci\u00f3n Espacios Verdes, que fund\u00f3 y dirige con dedicaci\u00f3n infinita, gran calidad, amor y coraje Ana Di Meola. Su causa es una de las m\u00e1s nobles en este siglo tumultuoso, defender la naturaleza duramente amenazada.<\/p>\t\t\t\t\t\t<\/div>\n\t\t\t\t<\/div>\n\t\t\t\t<div class=\"elementor-element elementor-element-2e942d62 elementor-widget elementor-widget-text-editor\" data-id=\"2e942d62\" data-element_type=\"widget\" data-widget_type=\"text-editor.default\">\n\t\t\t\t<div class=\"elementor-widget-container\">\n\t\t\t\t\t\t\t<p>En lugar de quejarse, la Fundaci\u00f3n ha apostado con energ\u00eda sin par, a la acci\u00f3n concreta. Son inn\u00fameras las iniciativas que ha desarrollado desde 1991. Ha impulsado la educaci\u00f3n ambiental a trav\u00e9s de m\u00faltiples caminos, ha llevado adelante proyectos ecol\u00f3gicos innovativos de fuerte impacto, ha propiciado todo orden de alianzas estrat\u00e9gicas con Universidades, empresas, otras ONGS, municipios, y comunidades con notables logros. Ha generado las tan fecundas Jornadas de Responsabilidad en Educaci\u00f3n Social Ambiental (RESA) que congregan anualmente a actores sociales de diversos sectores para reflexionar, revisar experiencias modelos y fortalecer la lucha verde. La nomina de programas y realizaciones es cuantiosa.<\/p><p>Todo ello lo hace con perfil bajo, casi silenciosamente, dando ejemplo de civismo genuino. El Papa Francisco exigi\u00f3 a la humanidad &#8220;debemos escuchar el grito silencioso de los pobres, y el gemido de la tierra\u201d. En su magistral Enc\u00edclica Laudato SI mostr\u00f3 en detalle, como los que m\u00e1s sufren del cambio clim\u00e1tico y el calentamiento global son los m\u00e1s humildes. Advirti\u00f3 a la humanidad en el reciente D\u00eda de la Tierra &#8220;que hemos llegado al l\u00edmite&#8221;.<\/p><p><strong>En la vanguardia de la lucha que propone esta la Fundaci\u00f3n Espacios Verdes con su tarea abnegada y ejemplar. Todo mi respeto y admiraci\u00f3n. Firme y adelante.<\/strong><\/p>\t\t\t\t\t\t<\/div>\n\t\t\t\t<\/div>\n\t\t\t\t\t<\/div>\n\t\t<\/div>\n\t\t\t\t\t\t\t<\/div>\n\t\t<\/section>\n\t\t\t\t\t\t<\/div>\n\t\t\t\t\t<\/div>\n\t\t","protected":false},"excerpt":{"rendered":"<p>Editorial Bernardo Kliksberg La Argentina debe estar muy orgullosa, de la Fundaci\u00f3n Espacios Verdes, que fund\u00f3 y dirige con dedicaci\u00f3n infinita, gran calidad, amor y coraje Ana Di Meola. Su causa es una de las m\u00e1s nobles en este siglo tumultuoso, defender la naturaleza duramente amenazada. En lugar de quejarse, la Fundaci\u00f3n ha apostado con [&hellip;]<\/p>\n","protected":false},"author":1,"featured_media":0,"parent":0,"menu_order":0,"comment_status":"closed","ping_status":"closed","template":"elementor_header_footer","meta":{"footnotes":""},"class_list":["post-782","page","type-page","status-publish","hentry"],"yoast_head":"<!-- This site is optimized with the Yoast SEO plugin v17.3 - https:\/\/yoast.com\/wordpress\/plugins\/seo\/ -->\n<title>1. Editorial &ndash; Fev 30 a\u00f1os | Revista<\/title>\n<meta name=\"robots\" content=\"index, follow, max-snippet:-1, max-image-preview:large, max-video-preview:-1\" \/>\n<link rel=\"canonical\" href=\"https:\/\/fev.org.ar\/2021\/editorial\/\" \/>\n<meta property=\"og:locale\" content=\"es_ES\" \/>\n<meta property=\"og:type\" content=\"article\" \/>\n<meta property=\"og:title\" content=\"1. Editorial &ndash; Fev 30 a\u00f1os | Revista\" \/>\n<meta property=\"og:description\" content=\"Editorial Bernardo Kliksberg La Argentina debe estar muy orgullosa, de la Fundaci\u00f3n Espacios Verdes, que fund\u00f3 y dirige con dedicaci\u00f3n infinita, gran calidad, amor y coraje Ana Di Meola. Su causa es una de las m\u00e1s nobles en este siglo tumultuoso, defender la naturaleza duramente amenazada. En lugar de quejarse, la Fundaci\u00f3n ha apostado con [&hellip;]\" \/>\n<meta property=\"og:url\" content=\"https:\/\/fev.org.ar\/2021\/editorial\/\" \/>\n<meta property=\"og:site_name\" content=\"Fev 30 a\u00f1os | Revista\" \/>\n<meta property=\"article:modified_time\" content=\"2021-10-16T00:33:02+00:00\" \/>\n<meta name=\"twitter:card\" content=\"summary_large_image\" \/>\n<meta name=\"twitter:label1\" content=\"Tiempo de lectura\" \/>\n\t<meta name=\"twitter:data1\" content=\"2 minutos\" \/>\n<script type=\"application\/ld+json\" class=\"yoast-schema-graph\">{\"@context\":\"https:\/\/schema.org\",\"@graph\":[{\"@type\":\"WebSite\",\"@id\":\"https:\/\/fev.org.ar\/2021\/#website\",\"url\":\"https:\/\/fev.org.ar\/2021\/\",\"name\":\"Fev 30 a\\u00f1os | Revista\",\"description\":\"Otro sitio realizado con WordPress\",\"potentialAction\":[{\"@type\":\"SearchAction\",\"target\":{\"@type\":\"EntryPoint\",\"urlTemplate\":\"https:\/\/fev.org.ar\/2021\/?s={search_term_string}\"},\"query-input\":\"required name=search_term_string\"}],\"inLanguage\":\"es-AR\"},{\"@type\":\"WebPage\",\"@id\":\"https:\/\/fev.org.ar\/2021\/editorial\/#webpage\",\"url\":\"https:\/\/fev.org.ar\/2021\/editorial\/\",\"name\":\"1. Editorial &ndash; Fev 30 a\\u00f1os | Revista\",\"isPartOf\":{\"@id\":\"https:\/\/fev.org.ar\/2021\/#website\"},\"datePublished\":\"2021-09-30T14:53:33+00:00\",\"dateModified\":\"2021-10-16T00:33:02+00:00\",\"breadcrumb\":{\"@id\":\"https:\/\/fev.org.ar\/2021\/editorial\/#breadcrumb\"},\"inLanguage\":\"es-AR\",\"potentialAction\":[{\"@type\":\"ReadAction\",\"target\":[\"https:\/\/fev.org.ar\/2021\/editorial\/\"]}]},{\"@type\":\"BreadcrumbList\",\"@id\":\"https:\/\/fev.org.ar\/2021\/editorial\/#breadcrumb\",\"itemListElement\":[{\"@type\":\"ListItem\",\"position\":1,\"name\":\"Inicio\",\"item\":\"https:\/\/fev.org.ar\/2021\/\"},{\"@type\":\"ListItem\",\"position\":2,\"name\":\"1. Editorial\"}]}]}<\/script>\n<!-- \/ Yoast SEO plugin. -->","yoast_head_json":{"title":"1. Editorial &ndash; Fev 30 a\u00f1os | Revista","robots":{"index":"index","follow":"follow","max-snippet":"max-snippet:-1","max-image-preview":"max-image-preview:large","max-video-preview":"max-video-preview:-1"},"canonical":"https:\/\/fev.org.ar\/2021\/editorial\/","og_locale":"es_ES","og_type":"article","og_title":"1. Editorial &ndash; Fev 30 a\u00f1os | Revista","og_description":"Editorial Bernardo Kliksberg La Argentina debe estar muy orgullosa, de la Fundaci\u00f3n Espacios Verdes, que fund\u00f3 y dirige con dedicaci\u00f3n infinita, gran calidad, amor y coraje Ana Di Meola. Su causa es una de las m\u00e1s nobles en este siglo tumultuoso, defender la naturaleza duramente amenazada. En lugar de quejarse, la Fundaci\u00f3n ha apostado con [&hellip;]","og_url":"https:\/\/fev.org.ar\/2021\/editorial\/","og_site_name":"Fev 30 a\u00f1os | Revista","article_modified_time":"2021-10-16T00:33:02+00:00","twitter_card":"summary_large_image","twitter_misc":{"Tiempo de lectura":"2 minutos"},"schema":{"@context":"https:\/\/schema.org","@graph":[{"@type":"WebSite","@id":"https:\/\/fev.org.ar\/2021\/#website","url":"https:\/\/fev.org.ar\/2021\/","name":"Fev 30 a\u00f1os | Revista","description":"Otro sitio realizado con WordPress","potentialAction":[{"@type":"SearchAction","target":{"@type":"EntryPoint","urlTemplate":"https:\/\/fev.org.ar\/2021\/?s={search_term_string}"},"query-input":"required name=search_term_string"}],"inLanguage":"es-AR"},{"@type":"WebPage","@id":"https:\/\/fev.org.ar\/2021\/editorial\/#webpage","url":"https:\/\/fev.org.ar\/2021\/editorial\/","name":"1. Editorial &ndash; Fev 30 a\u00f1os | Revista","isPartOf":{"@id":"https:\/\/fev.org.ar\/2021\/#website"},"datePublished":"2021-09-30T14:53:33+00:00","dateModified":"2021-10-16T00:33:02+00:00","breadcrumb":{"@id":"https:\/\/fev.org.ar\/2021\/editorial\/#breadcrumb"},"inLanguage":"es-AR","potentialAction":[{"@type":"ReadAction","target":["https:\/\/fev.org.ar\/2021\/editorial\/"]}]},{"@type":"BreadcrumbList","@id":"https:\/\/fev.org.ar\/2021\/editorial\/#breadcrumb","itemListElement":[{"@type":"ListItem","position":1,"name":"Inicio","item":"https:\/\/fev.org.ar\/2021\/"},{"@type":"ListItem","position":2,"name":"1. Editorial"}]}]}},"_links":{"self":[{"href":"https:\/\/fev.org.ar\/2021\/wp-json\/wp\/v2\/pages\/782","targetHints":{"allow":["GET"]}}],"collection":[{"href":"https:\/\/fev.org.ar\/2021\/wp-json\/wp\/v2\/pages"}],"about":[{"href":"https:\/\/fev.org.ar\/2021\/wp-json\/wp\/v2\/types\/page"}],"author":[{"embeddable":true,"href":"https:\/\/fev.org.ar\/2021\/wp-json\/wp\/v2\/users\/1"}],"replies":[{"embeddable":true,"href":"https:\/\/fev.org.ar\/2021\/wp-json\/wp\/v2\/comments?post=782"}],"version-history":[{"count":168,"href":"https:\/\/fev.org.ar\/2021\/wp-json\/wp\/v2\/pages\/782\/revisions"}],"predecessor-version":[{"id":4501,"href":"https:\/\/fev.org.ar\/2021\/wp-json\/wp\/v2\/pages\/782\/revisions\/4501"}],"wp:attachment":[{"href":"https:\/\/fev.org.ar\/2021\/wp-json\/wp\/v2\/media?parent=782"}],"curies":[{"name":"wp","href":"https:\/\/api.w.org\/{rel}","templated":true}]}}